{"id":217,"date":"2023-10-18T18:44:39","date_gmt":"2023-10-18T22:44:39","guid":{"rendered":"https:\/\/nurona.com.py\/web\/?page_id=217"},"modified":"2026-03-02T06:51:19","modified_gmt":"2026-03-02T10:51:19","slug":"embolsadora-automatica","status":"publish","type":"page","link":"https:\/\/nurona.com.py\/web\/embolsadora-automatica\/","title":{"rendered":"Embolsadora Autom\u00e1tica de Peso Neto"},"content":{"rendered":"\n<div class=\"wp-block-media-text is-stacked-on-mobile is-vertically-aligned-top\" style=\"margin-top:-20px;grid-template-columns:35% auto\"><figure class=\"wp-block-media-text__media\"><img data-recalc-dims=\"1\" loading=\"lazy\" decoding=\"async\" width=\"550\" height=\"881\" src=\"https:\/\/i0.wp.com\/nurona.com.py\/web\/wp-content\/uploads\/2023\/04\/Untitled3-1-edited.png?resize=550%2C881&#038;ssl=1\" alt=\"\" class=\"wp-image-181 size-full\" srcset=\"https:\/\/i0.wp.com\/nurona.com.py\/web\/wp-content\/uploads\/2023\/04\/Untitled3-1-edited.png?w=550&amp;ssl=1 550w, https:\/\/i0.wp.com\/nurona.com.py\/web\/wp-content\/uploads\/2023\/04\/Untitled3-1-edited.png?resize=187%2C300&amp;ssl=1 187w\" sizes=\"auto, (max-width: 550px) 100vw, 550px\" \/><\/figure><div class=\"wp-block-media-text__content\"><h3 class=\"has-text-align-center wp-block-post-title\">Embolsadora Autom\u00e1tica de Peso Neto<\/h3>\n\n\n<p class=\"has-text-align-left has-small-font-size\">Nuestra embolsadora autom\u00e1tica de peso neto para granos y para polvo es la soluci\u00f3n perfecta para empresas que buscan una forma eficiente y precisa de empaquetar sus productos desde 20 a 60 Kg. Con un control PLC integrado y una pantalla industrial t\u00e1ctil, esta embolsadora se adapta a las necesidades de cada empresa para garantizar un proceso de empaquetado r\u00e1pido y preciso.<br><strong>\u00bfPor qu\u00e9 elegir nuestra embolsadora autom\u00e1tica?<\/strong> Con esta m\u00e1quina, puede estar seguro de que sus productos se empacar\u00e1n de manera uniforme y consistente en cada bolsa, con una precisi\u00f3n de hasta +\/- 70 gramos. Adem\u00e1s, con las dos versiones disponibles de embolsadora, se logran adaptar f\u00e1cilmente a diferentes tipos de productos, lo que significa que puede empaquetar tanto granos como polvos seg\u00fan la necesidad de la empresa.<\/p>\n\n\n\n<p class=\"has-text-align-left\">La embolsadora tambi\u00e9n cuenta con un sistema de control PLC, que permite ajustar la velocidad y la precisi\u00f3n del empaquetado para adaptarse a las necesidades espec\u00edficas de cada producto. Adem\u00e1s, la pantalla industrial t\u00e1ctil facilita el uso y la programaci\u00f3n de la m\u00e1quina, lo que permite un f\u00e1cil control de todo el proceso de empaquetado.<\/p>\n\n\n\n<p class=\"has-text-align-left\">En resumen, nuestra embolsadora autom\u00e1tica de peso neto para granos y para polvo es una inversi\u00f3n inteligente para cualquier empresa que busque mejorar su proceso de empaquetado. Con su precisi\u00f3n y adaptabilidad, esta m\u00e1quina asegura una producci\u00f3n eficiente y de alta calidad en todo momento<br><\/p>\n\n\n\n<div class=\"is-style-default wp-block-group has-border-color has-global-padding is-content-justification-left is-layout-constrained wp-container-core-group-is-layout-1f30bf17 wp-block-group-is-layout-constrained\" style=\"border-color:#000000;border-width:2px;padding-top:1.5rem;padding-right:1.5rem;padding-bottom:1.5rem;padding-left:1.5rem\">\n<h3 class=\"wp-block-heading\">Contacto r\u00e1pido<\/h3>\n\n\n\n<p class=\"\">Dejanos tus datos y te contactamos a la brevedad.<\/p>\n\n\n<div class=\"wp-block-jetpack-contact-form is-style-default\"><a href=\"https:\/\/nurona.com.py\/web\/embolsadora-automatica\/\" target=\"_blank\" rel=\"noopener noreferrer\">Env\u00eda un formulario.<\/a><\/div><\/div>\n<\/div><\/div>\n\n\n\n<h2 class=\"wp-block-heading has-text-align-center\"> Sistema de IOT o control de reportes en linea.<\/h2>\n\n\n\n<div class=\"wp-block-media-text is-stacked-on-mobile\" style=\"grid-template-columns:43% auto\"><figure class=\"wp-block-media-text__media\"><img data-recalc-dims=\"1\" loading=\"lazy\" decoding=\"async\" width=\"600\" height=\"430\" src=\"https:\/\/i0.wp.com\/nurona.com.py\/web\/wp-content\/uploads\/2023\/04\/iot.png?resize=600%2C430&#038;ssl=1\" alt=\"\" class=\"wp-image-196 size-full\" srcset=\"https:\/\/i0.wp.com\/nurona.com.py\/web\/wp-content\/uploads\/2023\/04\/iot.png?w=600&amp;ssl=1 600w, https:\/\/i0.wp.com\/nurona.com.py\/web\/wp-content\/uploads\/2023\/04\/iot.png?resize=300%2C215&amp;ssl=1 300w\" sizes=\"auto, (max-width: 600px) 100vw, 600px\" \/><\/figure><div class=\"wp-block-media-text__content\">\n<p class=\"has-text-align-left\">Con el sistema integrado de reportes, usted puede obtener los datos de producci\u00f3n de la embolsadora desde la comodidad de su escritorio, nuestro sistema de alta tecnolog\u00eda cuenta con un m\u00f3dulo de conexi\u00f3n Wifi2Cloud, que le permite almacenar hasta meses, los datos de embolsado, para luego poder exportarlos directamente a una planilla de excel con un par de clics.<br><br><strong><em>Los datos que pueden obtener son:<br><\/em><\/strong><\/p>\n\n\n\n<ul class=\"wp-block-list\">\n<li class=\"\">Cantidad de Bolsas por d\u00eda, mes, a\u00f1o<\/li>\n\n\n\n<li class=\"\">Nombre del Producto Producido<\/li>\n\n\n\n<li class=\"\">Pesaje Individual y total<\/li>\n\n\n\n<li class=\"\">Fecha de Trabajo<\/li>\n<\/ul>\n<\/div><\/div>\n\n\n\n<h2 class=\"wp-block-heading\">Video Demostrativo de dosificaci\u00f3n de nuestro sistema de precisi\u00f3n<\/h2>\n\n\n\n<figure class=\"wp-block-video\"><video height=\"1080\" style=\"aspect-ratio: 1908 \/ 1080;\" width=\"1908\" controls src=\"https:\/\/nurona.com.py\/web\/wp-content\/uploads\/2023\/10\/embolsadora.mp4\"><\/video><\/figure>\n","protected":false},"excerpt":{"rendered":"<p>Sistema de IOT o control de reportes en linea. Video Demostrativo de dosificaci\u00f3n de nuestro sistema de precisi\u00f3n<\/p>\n","protected":false},"author":1,"featured_media":0,"parent":0,"menu_order":0,"comment_status":"closed","ping_status":"closed","template":"","meta":{"nf_dc_page":"","om_disable_all_campaigns":false,"_uf_show_specific_survey":0,"_uf_disable_surveys":false,"footnotes":""},"class_list":["post-217","page","type-page","status-publish","hentry"],"aioseo_notices":[],"yoast_head":"<!-- This site is optimized with the Yoast SEO plugin v27.5 - https:\/\/yoast.com\/product\/yoast-seo-wordpress\/ -->\n<title>Embolsadora Autom\u00e1tica de Peso Neto - Industrializando al Pais<\/title>\n<meta name=\"robots\" content=\"index, follow, max-snippet:-1, max-image-preview:large, max-video-preview:-1\" \/>\n<link rel=\"canonical\" href=\"https:\/\/nurona.com.py\/web\/embolsadora-automatica\/\" \/>\n<meta property=\"og:locale\" content=\"es_ES\" \/>\n<meta property=\"og:type\" content=\"article\" \/>\n<meta property=\"og:title\" content=\"Embolsadora Autom\u00e1tica de Peso Neto - Industrializando al Pais\" \/>\n<meta property=\"og:description\" content=\"Sistema de IOT o control de reportes en linea. Video Demostrativo de dosificaci\u00f3n de nuestro sistema de precisi\u00f3n\" \/>\n<meta property=\"og:url\" content=\"https:\/\/nurona.com.py\/web\/embolsadora-automatica\/\" \/>\n<meta property=\"og:site_name\" content=\"Industrializando al Pais\" \/>\n<meta property=\"article:modified_time\" content=\"2026-03-02T10:51:19+00:00\" \/>\n<meta property=\"og:image\" content=\"https:\/\/nurona.com.py\/web\/wp-content\/uploads\/2023\/04\/Untitled3-1-edited.png\" \/>\n<meta name=\"twitter:card\" content=\"summary_large_image\" \/>\n<meta name=\"twitter:label1\" content=\"Tiempo de lectura\" \/>\n\t<meta name=\"twitter:data1\" content=\"2 minutos\" \/>\n<script type=\"application\/ld+json\" class=\"yoast-schema-graph\">{\"@context\":\"https:\\\/\\\/schema.org\",\"@graph\":[{\"@type\":\"WebPage\",\"@id\":\"https:\\\/\\\/nurona.com.py\\\/web\\\/embolsadora-automatica\\\/\",\"url\":\"https:\\\/\\\/nurona.com.py\\\/web\\\/embolsadora-automatica\\\/\",\"name\":\"Embolsadora Autom\u00e1tica de Peso Neto - Industrializando al Pais\",\"isPartOf\":{\"@id\":\"https:\\\/\\\/nurona.com.py\\\/web\\\/#website\"},\"primaryImageOfPage\":{\"@id\":\"https:\\\/\\\/nurona.com.py\\\/web\\\/embolsadora-automatica\\\/#primaryimage\"},\"image\":{\"@id\":\"https:\\\/\\\/nurona.com.py\\\/web\\\/embolsadora-automatica\\\/#primaryimage\"},\"thumbnailUrl\":\"https:\\\/\\\/nurona.com.py\\\/web\\\/wp-content\\\/uploads\\\/2023\\\/04\\\/Untitled3-1-edited.png\",\"datePublished\":\"2023-10-18T22:44:39+00:00\",\"dateModified\":\"2026-03-02T10:51:19+00:00\",\"breadcrumb\":{\"@id\":\"https:\\\/\\\/nurona.com.py\\\/web\\\/embolsadora-automatica\\\/#breadcrumb\"},\"inLanguage\":\"es\",\"potentialAction\":[{\"@type\":\"ReadAction\",\"target\":[\"https:\\\/\\\/nurona.com.py\\\/web\\\/embolsadora-automatica\\\/\"]}]},{\"@type\":\"ImageObject\",\"inLanguage\":\"es\",\"@id\":\"https:\\\/\\\/nurona.com.py\\\/web\\\/embolsadora-automatica\\\/#primaryimage\",\"url\":\"https:\\\/\\\/i0.wp.com\\\/nurona.com.py\\\/web\\\/wp-content\\\/uploads\\\/2023\\\/04\\\/Untitled3-1-edited.png?fit=550%2C881&ssl=1\",\"contentUrl\":\"https:\\\/\\\/i0.wp.com\\\/nurona.com.py\\\/web\\\/wp-content\\\/uploads\\\/2023\\\/04\\\/Untitled3-1-edited.png?fit=550%2C881&ssl=1\",\"width\":550,\"height\":881},{\"@type\":\"BreadcrumbList\",\"@id\":\"https:\\\/\\\/nurona.com.py\\\/web\\\/embolsadora-automatica\\\/#breadcrumb\",\"itemListElement\":[{\"@type\":\"ListItem\",\"position\":1,\"name\":\"Home\",\"item\":\"https:\\\/\\\/nurona.com.py\\\/web\\\/\"},{\"@type\":\"ListItem\",\"position\":2,\"name\":\"Embolsadora Autom\u00e1tica de Peso Neto\"}]},{\"@type\":\"WebSite\",\"@id\":\"https:\\\/\\\/nurona.com.py\\\/web\\\/#website\",\"url\":\"https:\\\/\\\/nurona.com.py\\\/web\\\/\",\"name\":\"Industrializando al Pais\",\"description\":\"Industrializando al Pais\",\"publisher\":{\"@id\":\"https:\\\/\\\/nurona.com.py\\\/web\\\/#organization\"},\"potentialAction\":[{\"@type\":\"SearchAction\",\"target\":{\"@type\":\"EntryPoint\",\"urlTemplate\":\"https:\\\/\\\/nurona.com.py\\\/web\\\/?s={search_term_string}\"},\"query-input\":{\"@type\":\"PropertyValueSpecification\",\"valueRequired\":true,\"valueName\":\"search_term_string\"}}],\"inLanguage\":\"es\"},{\"@type\":\"Organization\",\"@id\":\"https:\\\/\\\/nurona.com.py\\\/web\\\/#organization\",\"name\":\"Industrializando al Pais\",\"url\":\"https:\\\/\\\/nurona.com.py\\\/web\\\/\",\"logo\":{\"@type\":\"ImageObject\",\"inLanguage\":\"es\",\"@id\":\"https:\\\/\\\/nurona.com.py\\\/web\\\/#\\\/schema\\\/logo\\\/image\\\/\",\"url\":\"https:\\\/\\\/i0.wp.com\\\/nurona.com.py\\\/web\\\/wp-content\\\/uploads\\\/2023\\\/03\\\/logoNuronaPng-3.png?fit=900%2C200&ssl=1\",\"contentUrl\":\"https:\\\/\\\/i0.wp.com\\\/nurona.com.py\\\/web\\\/wp-content\\\/uploads\\\/2023\\\/03\\\/logoNuronaPng-3.png?fit=900%2C200&ssl=1\",\"width\":900,\"height\":200,\"caption\":\"Industrializando al Pais\"},\"image\":{\"@id\":\"https:\\\/\\\/nurona.com.py\\\/web\\\/#\\\/schema\\\/logo\\\/image\\\/\"}}]}<\/script>\n<!-- \/ Yoast SEO plugin. -->","yoast_head_json":{"title":"Embolsadora Autom\u00e1tica de Peso Neto - Industrializando al Pais","robots":{"index":"index","follow":"follow","max-snippet":"max-snippet:-1","max-image-preview":"max-image-preview:large","max-video-preview":"max-video-preview:-1"},"canonical":"https:\/\/nurona.com.py\/web\/embolsadora-automatica\/","og_locale":"es_ES","og_type":"article","og_title":"Embolsadora Autom\u00e1tica de Peso Neto - Industrializando al Pais","og_description":"Sistema de IOT o control de reportes en linea. Video Demostrativo de dosificaci\u00f3n de nuestro sistema de precisi\u00f3n","og_url":"https:\/\/nurona.com.py\/web\/embolsadora-automatica\/","og_site_name":"Industrializando al Pais","article_modified_time":"2026-03-02T10:51:19+00:00","og_image":[{"url":"https:\/\/nurona.com.py\/web\/wp-content\/uploads\/2023\/04\/Untitled3-1-edited.png","type":"","width":"","height":""}],"twitter_card":"summary_large_image","twitter_misc":{"Tiempo de lectura":"2 minutos"},"schema":{"@context":"https:\/\/schema.org","@graph":[{"@type":"WebPage","@id":"https:\/\/nurona.com.py\/web\/embolsadora-automatica\/","url":"https:\/\/nurona.com.py\/web\/embolsadora-automatica\/","name":"Embolsadora Autom\u00e1tica de Peso Neto - Industrializando al Pais","isPartOf":{"@id":"https:\/\/nurona.com.py\/web\/#website"},"primaryImageOfPage":{"@id":"https:\/\/nurona.com.py\/web\/embolsadora-automatica\/#primaryimage"},"image":{"@id":"https:\/\/nurona.com.py\/web\/embolsadora-automatica\/#primaryimage"},"thumbnailUrl":"https:\/\/nurona.com.py\/web\/wp-content\/uploads\/2023\/04\/Untitled3-1-edited.png","datePublished":"2023-10-18T22:44:39+00:00","dateModified":"2026-03-02T10:51:19+00:00","breadcrumb":{"@id":"https:\/\/nurona.com.py\/web\/embolsadora-automatica\/#breadcrumb"},"inLanguage":"es","potentialAction":[{"@type":"ReadAction","target":["https:\/\/nurona.com.py\/web\/embolsadora-automatica\/"]}]},{"@type":"ImageObject","inLanguage":"es","@id":"https:\/\/nurona.com.py\/web\/embolsadora-automatica\/#primaryimage","url":"https:\/\/i0.wp.com\/nurona.com.py\/web\/wp-content\/uploads\/2023\/04\/Untitled3-1-edited.png?fit=550%2C881&ssl=1","contentUrl":"https:\/\/i0.wp.com\/nurona.com.py\/web\/wp-content\/uploads\/2023\/04\/Untitled3-1-edited.png?fit=550%2C881&ssl=1","width":550,"height":881},{"@type":"BreadcrumbList","@id":"https:\/\/nurona.com.py\/web\/embolsadora-automatica\/#breadcrumb","itemListElement":[{"@type":"ListItem","position":1,"name":"Home","item":"https:\/\/nurona.com.py\/web\/"},{"@type":"ListItem","position":2,"name":"Embolsadora Autom\u00e1tica de Peso Neto"}]},{"@type":"WebSite","@id":"https:\/\/nurona.com.py\/web\/#website","url":"https:\/\/nurona.com.py\/web\/","name":"Industrializando al Pais","description":"Industrializando al Pais","publisher":{"@id":"https:\/\/nurona.com.py\/web\/#organization"},"potentialAction":[{"@type":"SearchAction","target":{"@type":"EntryPoint","urlTemplate":"https:\/\/nurona.com.py\/web\/?s={search_term_string}"},"query-input":{"@type":"PropertyValueSpecification","valueRequired":true,"valueName":"search_term_string"}}],"inLanguage":"es"},{"@type":"Organization","@id":"https:\/\/nurona.com.py\/web\/#organization","name":"Industrializando al Pais","url":"https:\/\/nurona.com.py\/web\/","logo":{"@type":"ImageObject","inLanguage":"es","@id":"https:\/\/nurona.com.py\/web\/#\/schema\/logo\/image\/","url":"https:\/\/i0.wp.com\/nurona.com.py\/web\/wp-content\/uploads\/2023\/03\/logoNuronaPng-3.png?fit=900%2C200&ssl=1","contentUrl":"https:\/\/i0.wp.com\/nurona.com.py\/web\/wp-content\/uploads\/2023\/03\/logoNuronaPng-3.png?fit=900%2C200&ssl=1","width":900,"height":200,"caption":"Industrializando al Pais"},"image":{"@id":"https:\/\/nurona.com.py\/web\/#\/schema\/logo\/image\/"}}]}},"jetpack_sharing_enabled":true,"_links":{"self":[{"href":"https:\/\/nurona.com.py\/web\/wp-json\/wp\/v2\/pages\/217","targetHints":{"allow":["GET"]}}],"collection":[{"href":"https:\/\/nurona.com.py\/web\/wp-json\/wp\/v2\/pages"}],"about":[{"href":"https:\/\/nurona.com.py\/web\/wp-json\/wp\/v2\/types\/page"}],"author":[{"embeddable":true,"href":"https:\/\/nurona.com.py\/web\/wp-json\/wp\/v2\/users\/1"}],"replies":[{"embeddable":true,"href":"https:\/\/nurona.com.py\/web\/wp-json\/wp\/v2\/comments?post=217"}],"version-history":[{"count":20,"href":"https:\/\/nurona.com.py\/web\/wp-json\/wp\/v2\/pages\/217\/revisions"}],"predecessor-version":[{"id":872,"href":"https:\/\/nurona.com.py\/web\/wp-json\/wp\/v2\/pages\/217\/revisions\/872"}],"wp:attachment":[{"href":"https:\/\/nurona.com.py\/web\/wp-json\/wp\/v2\/media?parent=217"}],"curies":[{"name":"wp","href":"https:\/\/api.w.org\/{rel}","templated":true}]}}