{"id":283,"date":"2023-10-19T08:33:24","date_gmt":"2023-10-19T12:33:24","guid":{"rendered":"https:\/\/nurona.com.py\/web\/?page_id=283"},"modified":"2026-03-04T04:22:11","modified_gmt":"2026-03-04T08:22:11","slug":"sistema-de-trazabilidad-de-ganancia-de-peso-para-animales","status":"publish","type":"page","link":"https:\/\/nurona.com.py\/web\/sistema-de-trazabilidad-de-ganancia-de-peso-para-animales\/","title":{"rendered":"Sistema de trazabilidad de ganancia de peso para animales"},"content":{"rendered":"\n<h1 class=\"wp-block-heading\">Sistema de trazabilidad de ganancia de peso para animales<\/h1>\n\n\n\n<figure class=\"wp-block-image aligncenter size-large\"><img data-recalc-dims=\"1\" loading=\"lazy\" decoding=\"async\" width=\"1024\" height=\"1024\" src=\"https:\/\/i0.wp.com\/nurona.com.py\/web\/wp-content\/uploads\/2023\/10\/Copy-of-DataCampo.png?resize=1024%2C1024&#038;ssl=1\" alt=\"\" class=\"wp-image-287\" srcset=\"https:\/\/i0.wp.com\/nurona.com.py\/web\/wp-content\/uploads\/2023\/10\/Copy-of-DataCampo.png?resize=1024%2C1024&amp;ssl=1 1024w, https:\/\/i0.wp.com\/nurona.com.py\/web\/wp-content\/uploads\/2023\/10\/Copy-of-DataCampo.png?resize=300%2C300&amp;ssl=1 300w, https:\/\/i0.wp.com\/nurona.com.py\/web\/wp-content\/uploads\/2023\/10\/Copy-of-DataCampo.png?resize=150%2C150&amp;ssl=1 150w, https:\/\/i0.wp.com\/nurona.com.py\/web\/wp-content\/uploads\/2023\/10\/Copy-of-DataCampo.png?resize=768%2C768&amp;ssl=1 768w, https:\/\/i0.wp.com\/nurona.com.py\/web\/wp-content\/uploads\/2023\/10\/Copy-of-DataCampo.png?w=1080&amp;ssl=1 1080w\" sizes=\"auto, (max-width: 1000px) 100vw, 1000px\" \/><\/figure>\n\n\n\n<p class=\"\">Nuestro sistema de control est\u00e1 meticulosamente dise\u00f1ado para registrar el hist\u00f3rico de peso de sus animales, ofreciendo una completa gesti\u00f3n de datos esenciales para la toma de decisiones en el momento preciso. Este software est\u00e1 especialmente pensado para \u00e1reas en las que la cobertura de se\u00f1al de telefon\u00eda m\u00f3vil es limitada, lo que permite la realizaci\u00f3n de trabajos en modo offline y la sincronizaci\u00f3n autom\u00e1tica tan pronto como la se\u00f1al se reestablezca en el dispositivo m\u00f3vil.<\/p>\n\n\n\n<p class=\"\"><br><br><\/p>\n\n\n\n<figure class=\"wp-block-image aligncenter size-large\"><img data-recalc-dims=\"1\" loading=\"lazy\" decoding=\"async\" width=\"1024\" height=\"608\" src=\"https:\/\/i0.wp.com\/nurona.com.py\/web\/wp-content\/uploads\/2023\/10\/datacampo1.png?resize=1024%2C608&#038;ssl=1\" alt=\"\" class=\"wp-image-297\" srcset=\"https:\/\/i0.wp.com\/nurona.com.py\/web\/wp-content\/uploads\/2023\/10\/datacampo1.png?resize=1024%2C608&amp;ssl=1 1024w, https:\/\/i0.wp.com\/nurona.com.py\/web\/wp-content\/uploads\/2023\/10\/datacampo1.png?resize=300%2C178&amp;ssl=1 300w, https:\/\/i0.wp.com\/nurona.com.py\/web\/wp-content\/uploads\/2023\/10\/datacampo1.png?resize=768%2C456&amp;ssl=1 768w, https:\/\/i0.wp.com\/nurona.com.py\/web\/wp-content\/uploads\/2023\/10\/datacampo1.png?w=1173&amp;ssl=1 1173w\" sizes=\"auto, (max-width: 1000px) 100vw, 1000px\" \/><\/figure>\n\n\n\n<h6 class=\"wp-block-heading\">*Los datos proporcionados en esta planillas son meramente demostrativos<\/h6>\n\n\n\n<p class=\"\">DataCampo proporciona una amplia gama de informaci\u00f3n y presenta caracter\u00edsticas clave que lo destacan:<\/p>\n\n\n\n<ol class=\"wp-block-list\">\n<li class=\"\"><strong>Ganancia de Peso por Periodo<\/strong>: Registra la ganancia de peso diario desde la periodo anterior hasta el momento exacto de la lectura actual. <\/li>\n\n\n\n<li class=\"\"><strong>Ganancia de Peso Global<\/strong>: Muestra la ganancia de peso global por animal desde el ingreso del mismo hasta  el momento exacto de la lectura.<\/li>\n\n\n\n<li class=\"\"><strong>Registro de Trabajo en Corral<\/strong>: Ofrece detalles sobre la fecha de trabajo en el corral, con un historial de trabajo seg\u00fan el ID correspondiente.<\/li>\n\n\n\n<li class=\"\"><strong>Visualizaci\u00f3n de Ganancias Promedio de Peso<\/strong>: Permite visualizar las ganancias promedio de peso por animal.<\/li>\n\n\n\n<li class=\"\"><strong>Gesti\u00f3n de Animales por Lotes Independientes<\/strong>: Facilita la gesti\u00f3n de animales en lotes totalmente independientes.<\/li>\n\n\n\n<li class=\"\"><strong>Informes de Lotes<\/strong>: Genera informes detallados que incluyen la cantidad de animales, el peso total del lote y los promedios.<\/li>\n\n\n\n<li class=\"\"><strong>Exportaci\u00f3n a Excel y Comunicaci\u00f3n por WhatsApp<\/strong>: Exporta autom\u00e1ticamente todo el registro a una hoja de c\u00e1lculo Excel y permite compartirlo v\u00eda WhatsApp.<\/li>\n\n\n\n<li class=\"\"><strong>Sincronizaci\u00f3n Autom\u00e1tica con la Nube<\/strong>: Asegura la sincronizaci\u00f3n autom\u00e1tica de datos con la nube.<\/li>\n\n\n\n<li class=\"\"><strong>Base de Datos de Emergencia<\/strong>: Almacena una copia de la base de datos de emergencia directamente en el dispositivo m\u00f3vil.<\/li>\n<\/ol>\n\n\n\n<p class=\"\">A continuaci\u00f3n ofrecemos para descargar nuestra planilla de computo de prueba de nuestro sistema de c\u00e1culo, puede descargar el archivo de excel para poder revisarlo con mayor detenimiento.<\/p>\n\n\n\n<figure class=\"wp-block-image aligncenter size-large\"><img data-recalc-dims=\"1\" loading=\"lazy\" decoding=\"async\" width=\"1024\" height=\"227\" src=\"https:\/\/i0.wp.com\/nurona.com.py\/web\/wp-content\/uploads\/2023\/11\/datacampotest.png?resize=1024%2C227&#038;ssl=1\" alt=\"\" class=\"wp-image-329\" srcset=\"https:\/\/i0.wp.com\/nurona.com.py\/web\/wp-content\/uploads\/2023\/11\/datacampotest.png?resize=1024%2C227&amp;ssl=1 1024w, https:\/\/i0.wp.com\/nurona.com.py\/web\/wp-content\/uploads\/2023\/11\/datacampotest.png?resize=300%2C66&amp;ssl=1 300w, https:\/\/i0.wp.com\/nurona.com.py\/web\/wp-content\/uploads\/2023\/11\/datacampotest.png?resize=768%2C170&amp;ssl=1 768w, https:\/\/i0.wp.com\/nurona.com.py\/web\/wp-content\/uploads\/2023\/11\/datacampotest.png?resize=1536%2C340&amp;ssl=1 1536w, https:\/\/i0.wp.com\/nurona.com.py\/web\/wp-content\/uploads\/2023\/11\/datacampotest.png?w=1820&amp;ssl=1 1820w\" sizes=\"auto, (max-width: 1000px) 100vw, 1000px\" \/><\/figure>\n\n\n\n<div class=\"wp-block-file\"><a id=\"wp-block-file--media-6960725e-3036-426b-a6d9-d0b738f70ceb\" href=\"https:\/\/nurona.com.py\/web\/wp-content\/uploads\/2023\/11\/Pruebas-de-calculo-datacampo-aplicacion.xlsx\">Pruebas-de-calculo-datacampo-aplicacion<\/a><a href=\"https:\/\/nurona.com.py\/web\/wp-content\/uploads\/2023\/11\/Pruebas-de-calculo-datacampo-aplicacion.xlsx\" class=\"wp-block-file__button wp-element-button\" download aria-describedby=\"wp-block-file--media-6960725e-3036-426b-a6d9-d0b738f70ceb\">Descargar Archivo<\/a><\/div>\n\n\n\n<div class=\"wp-block-file\"><a id=\"wp-block-file--media-b8824c86-34ed-4cfe-aa84-3d74d9e2892c\" href=\"https:\/\/nurona.com.py\/web\/wp-content\/uploads\/2023\/11\/reporteGeneral.xls\">reporteGeneral<\/a><a href=\"https:\/\/nurona.com.py\/web\/wp-content\/uploads\/2023\/11\/reporteGeneral.xls\" class=\"wp-block-file__button wp-element-button\" download aria-describedby=\"wp-block-file--media-b8824c86-34ed-4cfe-aa84-3d74d9e2892c\">Descargar Planilla Excel General<\/a><\/div>\n\n\n\n<div class=\"wp-block-file\"><a id=\"wp-block-file--media-d6927ca9-7326-4c90-b254-a97aed1a7b58\" href=\"https:\/\/nurona.com.py\/web\/wp-content\/uploads\/2023\/11\/reporteLotes.xls\">reporteLotes<\/a><a href=\"https:\/\/nurona.com.py\/web\/wp-content\/uploads\/2023\/11\/reporteLotes.xls\" class=\"wp-block-file__button wp-element-button\" download aria-describedby=\"wp-block-file--media-d6927ca9-7326-4c90-b254-a97aed1a7b58\">Descargar Planilla Excel Lotes<\/a><\/div>\n\n\n\n<div class=\"wp-block-file\"><a id=\"wp-block-file--media-31f71366-67f6-464f-8a30-e39b8a6eb73f\" href=\"https:\/\/nurona.com.py\/web\/wp-content\/uploads\/2023\/11\/DataCampo.mp4\">DataCampo<\/a><a href=\"https:\/\/nurona.com.py\/web\/wp-content\/uploads\/2023\/11\/DataCampo.mp4\" class=\"wp-block-file__button wp-element-button\" download aria-describedby=\"wp-block-file--media-31f71366-67f6-464f-8a30-e39b8a6eb73f\">Descargar Video Demostrativo Aplicaci\u00f3n<\/a><\/div>\n\n\n\n<p class=\"\">Con DataCampo, obtiene un sistema completo y eficiente para la gesti\u00f3n de datos relacionados con el peso de sus animales. No solo proporciona un registro detallado y preciso, sino que tambi\u00e9n garantiza la seguridad y disponibilidad de los datos en cualquier momento y lugar.<\/p>\n","protected":false},"excerpt":{"rendered":"<p>Sistema de trazabilidad de ganancia de peso para animales Nuestro sistema de control est\u00e1 meticulosamente dise\u00f1ado para registrar el hist\u00f3rico de peso de sus animales, ofreciendo una completa gesti\u00f3n de datos esenciales para la toma de decisiones en el momento preciso. Este software est\u00e1 especialmente pensado para \u00e1reas en las que la cobertura de se\u00f1al [&hellip;]<\/p>\n","protected":false},"author":1,"featured_media":0,"parent":0,"menu_order":0,"comment_status":"closed","ping_status":"closed","template":"","meta":{"nf_dc_page":"","om_disable_all_campaigns":false,"_uf_show_specific_survey":0,"_uf_disable_surveys":false,"footnotes":""},"class_list":["post-283","page","type-page","status-publish","hentry"],"aioseo_notices":[],"yoast_head":"<!-- This site is optimized with the Yoast SEO plugin v27.5 - https:\/\/yoast.com\/product\/yoast-seo-wordpress\/ -->\n<title>Sistema de trazabilidad de ganancia de peso para animales - Industrializando al Pais<\/title>\n<meta name=\"robots\" content=\"index, follow, max-snippet:-1, max-image-preview:large, max-video-preview:-1\" \/>\n<link rel=\"canonical\" href=\"https:\/\/nurona.com.py\/web\/sistema-de-trazabilidad-de-ganancia-de-peso-para-animales\/\" \/>\n<meta property=\"og:locale\" content=\"es_ES\" \/>\n<meta property=\"og:type\" content=\"article\" \/>\n<meta property=\"og:title\" content=\"Sistema de trazabilidad de ganancia de peso para animales - Industrializando al Pais\" \/>\n<meta property=\"og:description\" content=\"Sistema de trazabilidad de ganancia de peso para animales Nuestro sistema de control est\u00e1 meticulosamente dise\u00f1ado para registrar el hist\u00f3rico de peso de sus animales, ofreciendo una completa gesti\u00f3n de datos esenciales para la toma de decisiones en el momento preciso. Este software est\u00e1 especialmente pensado para \u00e1reas en las que la cobertura de se\u00f1al [&hellip;]\" \/>\n<meta property=\"og:url\" content=\"https:\/\/nurona.com.py\/web\/sistema-de-trazabilidad-de-ganancia-de-peso-para-animales\/\" \/>\n<meta property=\"og:site_name\" content=\"Industrializando al Pais\" \/>\n<meta property=\"article:modified_time\" content=\"2026-03-04T08:22:11+00:00\" \/>\n<meta property=\"og:image\" content=\"https:\/\/nurona.com.py\/web\/wp-content\/uploads\/2023\/10\/Copy-of-DataCampo-1024x1024.png\" \/>\n<meta name=\"twitter:card\" content=\"summary_large_image\" \/>\n<meta name=\"twitter:label1\" content=\"Tiempo de lectura\" \/>\n\t<meta name=\"twitter:data1\" content=\"3 minutos\" \/>\n<script type=\"application\/ld+json\" class=\"yoast-schema-graph\">{\"@context\":\"https:\\\/\\\/schema.org\",\"@graph\":[{\"@type\":\"WebPage\",\"@id\":\"https:\\\/\\\/nurona.com.py\\\/web\\\/sistema-de-trazabilidad-de-ganancia-de-peso-para-animales\\\/\",\"url\":\"https:\\\/\\\/nurona.com.py\\\/web\\\/sistema-de-trazabilidad-de-ganancia-de-peso-para-animales\\\/\",\"name\":\"Sistema de trazabilidad de ganancia de peso para animales - Industrializando al Pais\",\"isPartOf\":{\"@id\":\"https:\\\/\\\/nurona.com.py\\\/web\\\/#website\"},\"primaryImageOfPage\":{\"@id\":\"https:\\\/\\\/nurona.com.py\\\/web\\\/sistema-de-trazabilidad-de-ganancia-de-peso-para-animales\\\/#primaryimage\"},\"image\":{\"@id\":\"https:\\\/\\\/nurona.com.py\\\/web\\\/sistema-de-trazabilidad-de-ganancia-de-peso-para-animales\\\/#primaryimage\"},\"thumbnailUrl\":\"https:\\\/\\\/nurona.com.py\\\/web\\\/wp-content\\\/uploads\\\/2023\\\/10\\\/Copy-of-DataCampo-1024x1024.png\",\"datePublished\":\"2023-10-19T12:33:24+00:00\",\"dateModified\":\"2026-03-04T08:22:11+00:00\",\"breadcrumb\":{\"@id\":\"https:\\\/\\\/nurona.com.py\\\/web\\\/sistema-de-trazabilidad-de-ganancia-de-peso-para-animales\\\/#breadcrumb\"},\"inLanguage\":\"es\",\"potentialAction\":[{\"@type\":\"ReadAction\",\"target\":[\"https:\\\/\\\/nurona.com.py\\\/web\\\/sistema-de-trazabilidad-de-ganancia-de-peso-para-animales\\\/\"]}]},{\"@type\":\"ImageObject\",\"inLanguage\":\"es\",\"@id\":\"https:\\\/\\\/nurona.com.py\\\/web\\\/sistema-de-trazabilidad-de-ganancia-de-peso-para-animales\\\/#primaryimage\",\"url\":\"https:\\\/\\\/i0.wp.com\\\/nurona.com.py\\\/web\\\/wp-content\\\/uploads\\\/2023\\\/10\\\/Copy-of-DataCampo.png?fit=1080%2C1080&ssl=1\",\"contentUrl\":\"https:\\\/\\\/i0.wp.com\\\/nurona.com.py\\\/web\\\/wp-content\\\/uploads\\\/2023\\\/10\\\/Copy-of-DataCampo.png?fit=1080%2C1080&ssl=1\",\"width\":1080,\"height\":1080},{\"@type\":\"BreadcrumbList\",\"@id\":\"https:\\\/\\\/nurona.com.py\\\/web\\\/sistema-de-trazabilidad-de-ganancia-de-peso-para-animales\\\/#breadcrumb\",\"itemListElement\":[{\"@type\":\"ListItem\",\"position\":1,\"name\":\"Home\",\"item\":\"https:\\\/\\\/nurona.com.py\\\/web\\\/\"},{\"@type\":\"ListItem\",\"position\":2,\"name\":\"Sistema de trazabilidad de ganancia de peso para animales\"}]},{\"@type\":\"WebSite\",\"@id\":\"https:\\\/\\\/nurona.com.py\\\/web\\\/#website\",\"url\":\"https:\\\/\\\/nurona.com.py\\\/web\\\/\",\"name\":\"Industrializando al Pais\",\"description\":\"Industrializando al Pais\",\"publisher\":{\"@id\":\"https:\\\/\\\/nurona.com.py\\\/web\\\/#organization\"},\"potentialAction\":[{\"@type\":\"SearchAction\",\"target\":{\"@type\":\"EntryPoint\",\"urlTemplate\":\"https:\\\/\\\/nurona.com.py\\\/web\\\/?s={search_term_string}\"},\"query-input\":{\"@type\":\"PropertyValueSpecification\",\"valueRequired\":true,\"valueName\":\"search_term_string\"}}],\"inLanguage\":\"es\"},{\"@type\":\"Organization\",\"@id\":\"https:\\\/\\\/nurona.com.py\\\/web\\\/#organization\",\"name\":\"Industrializando al Pais\",\"url\":\"https:\\\/\\\/nurona.com.py\\\/web\\\/\",\"logo\":{\"@type\":\"ImageObject\",\"inLanguage\":\"es\",\"@id\":\"https:\\\/\\\/nurona.com.py\\\/web\\\/#\\\/schema\\\/logo\\\/image\\\/\",\"url\":\"https:\\\/\\\/i0.wp.com\\\/nurona.com.py\\\/web\\\/wp-content\\\/uploads\\\/2023\\\/03\\\/logoNuronaPng-3.png?fit=900%2C200&ssl=1\",\"contentUrl\":\"https:\\\/\\\/i0.wp.com\\\/nurona.com.py\\\/web\\\/wp-content\\\/uploads\\\/2023\\\/03\\\/logoNuronaPng-3.png?fit=900%2C200&ssl=1\",\"width\":900,\"height\":200,\"caption\":\"Industrializando al Pais\"},\"image\":{\"@id\":\"https:\\\/\\\/nurona.com.py\\\/web\\\/#\\\/schema\\\/logo\\\/image\\\/\"}}]}<\/script>\n<!-- \/ Yoast SEO plugin. -->","yoast_head_json":{"title":"Sistema de trazabilidad de ganancia de peso para animales - Industrializando al Pais","robots":{"index":"index","follow":"follow","max-snippet":"max-snippet:-1","max-image-preview":"max-image-preview:large","max-video-preview":"max-video-preview:-1"},"canonical":"https:\/\/nurona.com.py\/web\/sistema-de-trazabilidad-de-ganancia-de-peso-para-animales\/","og_locale":"es_ES","og_type":"article","og_title":"Sistema de trazabilidad de ganancia de peso para animales - Industrializando al Pais","og_description":"Sistema de trazabilidad de ganancia de peso para animales Nuestro sistema de control est\u00e1 meticulosamente dise\u00f1ado para registrar el hist\u00f3rico de peso de sus animales, ofreciendo una completa gesti\u00f3n de datos esenciales para la toma de decisiones en el momento preciso. Este software est\u00e1 especialmente pensado para \u00e1reas en las que la cobertura de se\u00f1al [&hellip;]","og_url":"https:\/\/nurona.com.py\/web\/sistema-de-trazabilidad-de-ganancia-de-peso-para-animales\/","og_site_name":"Industrializando al Pais","article_modified_time":"2026-03-04T08:22:11+00:00","og_image":[{"url":"https:\/\/nurona.com.py\/web\/wp-content\/uploads\/2023\/10\/Copy-of-DataCampo-1024x1024.png","type":"","width":"","height":""}],"twitter_card":"summary_large_image","twitter_misc":{"Tiempo de lectura":"3 minutos"},"schema":{"@context":"https:\/\/schema.org","@graph":[{"@type":"WebPage","@id":"https:\/\/nurona.com.py\/web\/sistema-de-trazabilidad-de-ganancia-de-peso-para-animales\/","url":"https:\/\/nurona.com.py\/web\/sistema-de-trazabilidad-de-ganancia-de-peso-para-animales\/","name":"Sistema de trazabilidad de ganancia de peso para animales - Industrializando al Pais","isPartOf":{"@id":"https:\/\/nurona.com.py\/web\/#website"},"primaryImageOfPage":{"@id":"https:\/\/nurona.com.py\/web\/sistema-de-trazabilidad-de-ganancia-de-peso-para-animales\/#primaryimage"},"image":{"@id":"https:\/\/nurona.com.py\/web\/sistema-de-trazabilidad-de-ganancia-de-peso-para-animales\/#primaryimage"},"thumbnailUrl":"https:\/\/nurona.com.py\/web\/wp-content\/uploads\/2023\/10\/Copy-of-DataCampo-1024x1024.png","datePublished":"2023-10-19T12:33:24+00:00","dateModified":"2026-03-04T08:22:11+00:00","breadcrumb":{"@id":"https:\/\/nurona.com.py\/web\/sistema-de-trazabilidad-de-ganancia-de-peso-para-animales\/#breadcrumb"},"inLanguage":"es","potentialAction":[{"@type":"ReadAction","target":["https:\/\/nurona.com.py\/web\/sistema-de-trazabilidad-de-ganancia-de-peso-para-animales\/"]}]},{"@type":"ImageObject","inLanguage":"es","@id":"https:\/\/nurona.com.py\/web\/sistema-de-trazabilidad-de-ganancia-de-peso-para-animales\/#primaryimage","url":"https:\/\/i0.wp.com\/nurona.com.py\/web\/wp-content\/uploads\/2023\/10\/Copy-of-DataCampo.png?fit=1080%2C1080&ssl=1","contentUrl":"https:\/\/i0.wp.com\/nurona.com.py\/web\/wp-content\/uploads\/2023\/10\/Copy-of-DataCampo.png?fit=1080%2C1080&ssl=1","width":1080,"height":1080},{"@type":"BreadcrumbList","@id":"https:\/\/nurona.com.py\/web\/sistema-de-trazabilidad-de-ganancia-de-peso-para-animales\/#breadcrumb","itemListElement":[{"@type":"ListItem","position":1,"name":"Home","item":"https:\/\/nurona.com.py\/web\/"},{"@type":"ListItem","position":2,"name":"Sistema de trazabilidad de ganancia de peso para animales"}]},{"@type":"WebSite","@id":"https:\/\/nurona.com.py\/web\/#website","url":"https:\/\/nurona.com.py\/web\/","name":"Industrializando al Pais","description":"Industrializando al Pais","publisher":{"@id":"https:\/\/nurona.com.py\/web\/#organization"},"potentialAction":[{"@type":"SearchAction","target":{"@type":"EntryPoint","urlTemplate":"https:\/\/nurona.com.py\/web\/?s={search_term_string}"},"query-input":{"@type":"PropertyValueSpecification","valueRequired":true,"valueName":"search_term_string"}}],"inLanguage":"es"},{"@type":"Organization","@id":"https:\/\/nurona.com.py\/web\/#organization","name":"Industrializando al Pais","url":"https:\/\/nurona.com.py\/web\/","logo":{"@type":"ImageObject","inLanguage":"es","@id":"https:\/\/nurona.com.py\/web\/#\/schema\/logo\/image\/","url":"https:\/\/i0.wp.com\/nurona.com.py\/web\/wp-content\/uploads\/2023\/03\/logoNuronaPng-3.png?fit=900%2C200&ssl=1","contentUrl":"https:\/\/i0.wp.com\/nurona.com.py\/web\/wp-content\/uploads\/2023\/03\/logoNuronaPng-3.png?fit=900%2C200&ssl=1","width":900,"height":200,"caption":"Industrializando al Pais"},"image":{"@id":"https:\/\/nurona.com.py\/web\/#\/schema\/logo\/image\/"}}]}},"jetpack_sharing_enabled":true,"_links":{"self":[{"href":"https:\/\/nurona.com.py\/web\/wp-json\/wp\/v2\/pages\/283","targetHints":{"allow":["GET"]}}],"collection":[{"href":"https:\/\/nurona.com.py\/web\/wp-json\/wp\/v2\/pages"}],"about":[{"href":"https:\/\/nurona.com.py\/web\/wp-json\/wp\/v2\/types\/page"}],"author":[{"embeddable":true,"href":"https:\/\/nurona.com.py\/web\/wp-json\/wp\/v2\/users\/1"}],"replies":[{"embeddable":true,"href":"https:\/\/nurona.com.py\/web\/wp-json\/wp\/v2\/comments?post=283"}],"version-history":[{"count":5,"href":"https:\/\/nurona.com.py\/web\/wp-json\/wp\/v2\/pages\/283\/revisions"}],"predecessor-version":[{"id":461,"href":"https:\/\/nurona.com.py\/web\/wp-json\/wp\/v2\/pages\/283\/revisions\/461"}],"wp:attachment":[{"href":"https:\/\/nurona.com.py\/web\/wp-json\/wp\/v2\/media?parent=283"}],"curies":[{"name":"wp","href":"https:\/\/api.w.org\/{rel}","templated":true}]}}