{"id":593,"date":"2025-06-01T19:15:53","date_gmt":"2025-06-01T23:15:53","guid":{"rendered":"https:\/\/nurona.com.py\/web\/?page_id=593"},"modified":"2025-06-02T09:09:44","modified_gmt":"2025-06-02T13:09:44","slug":"sensoresdeagua","status":"publish","type":"page","link":"https:\/\/nurona.com.py\/web\/sensoresdeagua\/","title":{"rendered":"Sistema de Monitoreo de reservorios de agua"},"content":{"rendered":"\n<figure class=\"wp-block-image aligncenter size-full\"><img loading=\"lazy\" decoding=\"async\" width=\"800\" height=\"400\" src=\"https:\/\/i0.wp.com\/nurona.com.py\/web\/wp-content\/uploads\/2025\/06\/Untitled-design-5.png?fit=800%2C400&amp;ssl=1\" alt=\"\" class=\"wp-image-621\" srcset=\"https:\/\/i0.wp.com\/nurona.com.py\/web\/wp-content\/uploads\/2025\/06\/Untitled-design-5.png?w=800&amp;ssl=1 800w, https:\/\/i0.wp.com\/nurona.com.py\/web\/wp-content\/uploads\/2025\/06\/Untitled-design-5.png?resize=300%2C150&amp;ssl=1 300w, https:\/\/i0.wp.com\/nurona.com.py\/web\/wp-content\/uploads\/2025\/06\/Untitled-design-5.png?resize=768%2C384&amp;ssl=1 768w, https:\/\/i0.wp.com\/nurona.com.py\/web\/wp-content\/uploads\/2025\/06\/Untitled-design-5.png?resize=600%2C300&amp;ssl=1 600w\" sizes=\"auto, (max-width: 800px) 100vw, 800px\" \/><\/figure>\n\n\n\n<h2 class=\"wp-block-heading\">Vigila tu valiosa reserva de agua con nuestro sistema de medici\u00f3n<\/h2>\n\n\n\n<p class=\"\">\u00bfCu\u00e1nta agua tengo disponible? \u00bfC\u00f3mo estoy comparando el rendimiento con la misma \u00e9poca de la temporada anterior? \u00bfPuedo encender las bombas? \u00bfTiene el ganado acceso al agua?<br>Con nuestro sistema, la conectividad con tus sistemas de campo y la informaci\u00f3n importante que estos proporcionan es f\u00e1cil, asequible, precisa y fiable.<br>Con nuestros sensores de nivel de agua disponibles para diversas situaciones de almacenamiento de agua, nuestra aplicaci\u00f3n puede recopilar informaci\u00f3n de estos dispositivos y le permite revisarlos desde tu tel\u00e9fono, tableta o computadora.<br>El sistema esta dise\u00f1ado para diversas situaciones de almacenamiento de agua, puede recopilar informaci\u00f3n de estos dispositivos y enviarla a tu tel\u00e9fono, tableta o computadora.<\/p>\n\n\n\n<figure class=\"wp-block-image aligncenter size-full\"><img data-recalc-dims=\"1\" loading=\"lazy\" decoding=\"async\" width=\"876\" height=\"591\" src=\"https:\/\/i0.wp.com\/nurona.com.py\/web\/wp-content\/uploads\/2025\/06\/image.png?resize=876%2C591&#038;ssl=1\" alt=\"\" class=\"wp-image-596\" srcset=\"https:\/\/i0.wp.com\/nurona.com.py\/web\/wp-content\/uploads\/2025\/06\/image.png?w=876&amp;ssl=1 876w, https:\/\/i0.wp.com\/nurona.com.py\/web\/wp-content\/uploads\/2025\/06\/image.png?resize=300%2C202&amp;ssl=1 300w, https:\/\/i0.wp.com\/nurona.com.py\/web\/wp-content\/uploads\/2025\/06\/image.png?resize=768%2C518&amp;ssl=1 768w, https:\/\/i0.wp.com\/nurona.com.py\/web\/wp-content\/uploads\/2025\/06\/image.png?resize=600%2C405&amp;ssl=1 600w\" sizes=\"auto, (max-width: 876px) 100vw, 876px\" \/><\/figure>\n\n\n\n<p class=\"\"><\/p>\n\n\n\n<p class=\"\">Controla tu informaci\u00f3n en el panel de control , f\u00e1cil de leer y personalizar. Obt\u00e9n la informaci\u00f3n necesaria para aprovechar al m\u00e1ximo tu agua d\u00eda a d\u00eda, durante la temporada de cultivo y de un a\u00f1o a otro.<\/p>\n\n\n\n<figure class=\"wp-block-image aligncenter size-large\"><img data-recalc-dims=\"1\" loading=\"lazy\" decoding=\"async\" width=\"1024\" height=\"578\" src=\"https:\/\/i0.wp.com\/nurona.com.py\/web\/wp-content\/uploads\/2025\/06\/Screenshot-2025-05-30-190324.png?resize=1024%2C578&#038;ssl=1\" alt=\"\" class=\"wp-image-605\" srcset=\"https:\/\/i0.wp.com\/nurona.com.py\/web\/wp-content\/uploads\/2025\/06\/Screenshot-2025-05-30-190324.png?resize=1024%2C578&amp;ssl=1 1024w, https:\/\/i0.wp.com\/nurona.com.py\/web\/wp-content\/uploads\/2025\/06\/Screenshot-2025-05-30-190324.png?resize=300%2C169&amp;ssl=1 300w, https:\/\/i0.wp.com\/nurona.com.py\/web\/wp-content\/uploads\/2025\/06\/Screenshot-2025-05-30-190324.png?resize=768%2C434&amp;ssl=1 768w, https:\/\/i0.wp.com\/nurona.com.py\/web\/wp-content\/uploads\/2025\/06\/Screenshot-2025-05-30-190324.png?resize=600%2C339&amp;ssl=1 600w, https:\/\/i0.wp.com\/nurona.com.py\/web\/wp-content\/uploads\/2025\/06\/Screenshot-2025-05-30-190324.png?w=1406&amp;ssl=1 1406w\" sizes=\"auto, (max-width: 1000px) 100vw, 1000px\" \/><\/figure>\n\n\n\n<h2 class=\"wp-block-heading\">Befenicios de la utilizaci\u00f3n de nuestro sistema<\/h2>\n\n\n\n<div class=\"wp-block-columns is-layout-flex wp-container-core-columns-is-layout-28f84493 wp-block-columns-is-layout-flex\">\n<div class=\"wp-block-column is-layout-flow wp-block-column-is-layout-flow\">\n<p class=\"\"><strong>Planificaci\u00f3n<\/strong><br>Sepa exactamente cu\u00e1nta agua tiene disponible. Comp\u00e1rela con la misma \u00e9poca de la temporada anterior. Maximice el potencial de riego.<\/p>\n<\/div>\n\n\n\n<div class=\"wp-block-column is-layout-flow wp-block-column-is-layout-flow\">\n<p class=\"\"><strong>Alertas<\/strong><br>Reciba alertas sobre niveles bajos y altos. Descubra si los niveles est\u00e1n bajando m\u00e1s r\u00e1pido de lo esperado mientras a\u00fan puede actuar.<\/p>\n<\/div>\n\n\n\n<div class=\"wp-block-column is-layout-flow wp-block-column-is-layout-flow\">\n<p class=\"\"><strong>Supervisi\u00f3n del cumplimiento<\/strong><br>Cumpla con sus obligaciones de cumplimiento y demuestre sus credenciales ambientales.<\/p>\n<\/div>\n<\/div>\n\n\n\n<div class=\"wp-block-columns is-layout-flex wp-container-core-columns-is-layout-28f84493 wp-block-columns-is-layout-flex\">\n<div class=\"wp-block-column is-layout-flow wp-block-column-is-layout-flow\">\n<p class=\"\"><strong>C\u00e1lculo de volumen<\/strong><br>Si conoce la forma y las dimensiones de su almacenamiento de agua, podemos convertir el nivel en volumen autom\u00e1ticamente.<\/p>\n<\/div>\n\n\n\n<div class=\"wp-block-column is-layout-flow wp-block-column-is-layout-flow\">\n<p class=\"\"><strong>Mantenimiento del sistema<\/strong><br>Detecci\u00f3n temprana de fugas, obstrucciones y fallas de bombas.<\/p>\n<\/div>\n\n\n\n<div class=\"wp-block-column is-layout-flow wp-block-column-is-layout-flow\">\n<p class=\"\"><strong>Soporte Local<\/strong><br>Asistencia t\u00e9cnica local para rapido apoyo en caso de fallas<\/p>\n<\/div>\n<\/div>\n\n\n\n<h2 class=\"wp-block-heading\">Soluciones para una variedad de escenarios de monitoreo de nivel.<\/h2>\n\n\n\n<div class=\"wp-block-columns is-layout-flex wp-container-core-columns-is-layout-28f84493 wp-block-columns-is-layout-flex\">\n<div class=\"wp-block-column is-layout-flow wp-block-column-is-layout-flow\">\n<div class=\"wp-block-cover\"><img data-recalc-dims=\"1\" loading=\"lazy\" decoding=\"async\" width=\"259\" height=\"194\" class=\"wp-block-cover__image-background wp-image-628\" alt=\"\" src=\"https:\/\/i0.wp.com\/nurona.com.py\/web\/wp-content\/uploads\/2025\/06\/images.jpg?resize=259%2C194&#038;ssl=1\" data-object-fit=\"cover\"\/><span aria-hidden=\"true\" class=\"wp-block-cover__background has-background-dim\"><\/span><div class=\"wp-block-cover__inner-container is-layout-flow wp-block-cover-is-layout-flow\">\n<p class=\"has-text-align-center has-large-font-size\">TANQUES AUSTRALIANOS<\/p>\n<\/div><\/div>\n<\/div>\n\n\n\n<div class=\"wp-block-column is-layout-flow wp-block-column-is-layout-flow\">\n<div class=\"wp-block-cover aligncenter\"><img loading=\"lazy\" decoding=\"async\" width=\"900\" height=\"900\" class=\"wp-block-cover__image-background wp-image-629\" alt=\"\" src=\"https:\/\/i0.wp.com\/nurona.com.py\/web\/wp-content\/uploads\/2025\/06\/tanque-copa-img1.jpg?fit=900%2C900&amp;ssl=1\" data-object-fit=\"cover\" srcset=\"https:\/\/i0.wp.com\/nurona.com.py\/web\/wp-content\/uploads\/2025\/06\/tanque-copa-img1.jpg?w=900&amp;ssl=1 900w, https:\/\/i0.wp.com\/nurona.com.py\/web\/wp-content\/uploads\/2025\/06\/tanque-copa-img1.jpg?resize=300%2C300&amp;ssl=1 300w, https:\/\/i0.wp.com\/nurona.com.py\/web\/wp-content\/uploads\/2025\/06\/tanque-copa-img1.jpg?resize=150%2C150&amp;ssl=1 150w, https:\/\/i0.wp.com\/nurona.com.py\/web\/wp-content\/uploads\/2025\/06\/tanque-copa-img1.jpg?resize=768%2C768&amp;ssl=1 768w, https:\/\/i0.wp.com\/nurona.com.py\/web\/wp-content\/uploads\/2025\/06\/tanque-copa-img1.jpg?resize=600%2C600&amp;ssl=1 600w, https:\/\/i0.wp.com\/nurona.com.py\/web\/wp-content\/uploads\/2025\/06\/tanque-copa-img1.jpg?resize=100%2C100&amp;ssl=1 100w\" sizes=\"auto, (max-width: 900px) 100vw, 900px\" \/><span aria-hidden=\"true\" class=\"wp-block-cover__background has-background-dim\"><\/span><div class=\"wp-block-cover__inner-container is-layout-flow wp-block-cover-is-layout-flow\">\n<p class=\"has-text-align-center has-large-font-size\">TANQUES METALICOS<\/p>\n<\/div><\/div>\n<\/div>\n\n\n\n<div class=\"wp-block-column is-layout-flow wp-block-column-is-layout-flow\">\n<div class=\"wp-block-cover\"><img loading=\"lazy\" decoding=\"async\" width=\"259\" height=\"194\" class=\"wp-block-cover__image-background wp-image-630\" alt=\"\" src=\"https:\/\/i0.wp.com\/nurona.com.py\/web\/wp-content\/uploads\/2025\/06\/tajamar.jpg?fit=259%2C194&amp;ssl=1\" data-object-fit=\"cover\"\/><span aria-hidden=\"true\" class=\"wp-block-cover__background has-background-dim\"><\/span><div class=\"wp-block-cover__inner-container is-layout-flow wp-block-cover-is-layout-flow\">\n<p class=\"has-text-align-center has-large-font-size\">TAJAMARES<\/p>\n<\/div><\/div>\n<\/div>\n<\/div>\n\n\n\n<p class=\"\"><\/p>\n","protected":false},"excerpt":{"rendered":"<p>Vigila tu valiosa reserva de agua con nuestro sistema de medici\u00f3n \u00bfCu\u00e1nta agua tengo disponible? \u00bfC\u00f3mo estoy comparando el rendimiento con la misma \u00e9poca de la temporada anterior? \u00bfPuedo encender las bombas? \u00bfTiene el ganado acceso al agua?Con nuestro sistema, la conectividad con tus sistemas de campo y la informaci\u00f3n importante que estos proporcionan es [&hellip;]<\/p>\n","protected":false},"author":1,"featured_media":0,"parent":0,"menu_order":0,"comment_status":"closed","ping_status":"closed","template":"","meta":{"nf_dc_page":"","om_disable_all_campaigns":false,"_uf_show_specific_survey":0,"_uf_disable_surveys":false,"footnotes":""},"class_list":["post-593","page","type-page","status-publish","hentry"],"aioseo_notices":[],"yoast_head":"<!-- This site is optimized with the Yoast SEO plugin v27.5 - https:\/\/yoast.com\/product\/yoast-seo-wordpress\/ -->\n<title>Sistema de Monitoreo de reservorios de agua - Industrializando al Pais<\/title>\n<meta name=\"robots\" content=\"index, follow, max-snippet:-1, max-image-preview:large, max-video-preview:-1\" \/>\n<link rel=\"canonical\" href=\"https:\/\/nurona.com.py\/web\/sensoresdeagua\/\" \/>\n<meta property=\"og:locale\" content=\"es_ES\" \/>\n<meta property=\"og:type\" content=\"article\" \/>\n<meta property=\"og:title\" content=\"Sistema de Monitoreo de reservorios de agua - Industrializando al Pais\" \/>\n<meta property=\"og:description\" content=\"Vigila tu valiosa reserva de agua con nuestro sistema de medici\u00f3n \u00bfCu\u00e1nta agua tengo disponible? \u00bfC\u00f3mo estoy comparando el rendimiento con la misma \u00e9poca de la temporada anterior? \u00bfPuedo encender las bombas? \u00bfTiene el ganado acceso al agua?Con nuestro sistema, la conectividad con tus sistemas de campo y la informaci\u00f3n importante que estos proporcionan es [&hellip;]\" \/>\n<meta property=\"og:url\" content=\"https:\/\/nurona.com.py\/web\/sensoresdeagua\/\" \/>\n<meta property=\"og:site_name\" content=\"Industrializando al Pais\" \/>\n<meta property=\"article:modified_time\" content=\"2025-06-02T13:09:44+00:00\" \/>\n<meta property=\"og:image\" content=\"https:\/\/i0.wp.com\/nurona.com.py\/web\/wp-content\/uploads\/2025\/06\/Untitled-design-5.png?fit=800%2C400&ssl=1\" \/>\n\t<meta property=\"og:image:width\" content=\"800\" \/>\n\t<meta property=\"og:image:height\" content=\"400\" \/>\n\t<meta property=\"og:image:type\" content=\"image\/png\" \/>\n<meta name=\"twitter:card\" content=\"summary_large_image\" \/>\n<meta name=\"twitter:label1\" content=\"Tiempo de lectura\" \/>\n\t<meta name=\"twitter:data1\" content=\"3 minutos\" \/>\n<script type=\"application\/ld+json\" class=\"yoast-schema-graph\">{\"@context\":\"https:\\\/\\\/schema.org\",\"@graph\":[{\"@type\":\"WebPage\",\"@id\":\"https:\\\/\\\/nurona.com.py\\\/web\\\/sensoresdeagua\\\/\",\"url\":\"https:\\\/\\\/nurona.com.py\\\/web\\\/sensoresdeagua\\\/\",\"name\":\"Sistema de Monitoreo de reservorios de agua - Industrializando al Pais\",\"isPartOf\":{\"@id\":\"https:\\\/\\\/nurona.com.py\\\/web\\\/#website\"},\"primaryImageOfPage\":{\"@id\":\"https:\\\/\\\/nurona.com.py\\\/web\\\/sensoresdeagua\\\/#primaryimage\"},\"image\":{\"@id\":\"https:\\\/\\\/nurona.com.py\\\/web\\\/sensoresdeagua\\\/#primaryimage\"},\"thumbnailUrl\":\"https:\\\/\\\/i0.wp.com\\\/nurona.com.py\\\/web\\\/wp-content\\\/uploads\\\/2025\\\/06\\\/Untitled-design-5.png?fit=800%2C400&amp;ssl=1\",\"datePublished\":\"2025-06-01T23:15:53+00:00\",\"dateModified\":\"2025-06-02T13:09:44+00:00\",\"breadcrumb\":{\"@id\":\"https:\\\/\\\/nurona.com.py\\\/web\\\/sensoresdeagua\\\/#breadcrumb\"},\"inLanguage\":\"es\",\"potentialAction\":[{\"@type\":\"ReadAction\",\"target\":[\"https:\\\/\\\/nurona.com.py\\\/web\\\/sensoresdeagua\\\/\"]}]},{\"@type\":\"ImageObject\",\"inLanguage\":\"es\",\"@id\":\"https:\\\/\\\/nurona.com.py\\\/web\\\/sensoresdeagua\\\/#primaryimage\",\"url\":\"https:\\\/\\\/i0.wp.com\\\/nurona.com.py\\\/web\\\/wp-content\\\/uploads\\\/2025\\\/06\\\/Untitled-design-5.png?fit=800%2C400&amp;ssl=1\",\"contentUrl\":\"https:\\\/\\\/i0.wp.com\\\/nurona.com.py\\\/web\\\/wp-content\\\/uploads\\\/2025\\\/06\\\/Untitled-design-5.png?fit=800%2C400&amp;ssl=1\"},{\"@type\":\"BreadcrumbList\",\"@id\":\"https:\\\/\\\/nurona.com.py\\\/web\\\/sensoresdeagua\\\/#breadcrumb\",\"itemListElement\":[{\"@type\":\"ListItem\",\"position\":1,\"name\":\"Home\",\"item\":\"https:\\\/\\\/nurona.com.py\\\/web\\\/\"},{\"@type\":\"ListItem\",\"position\":2,\"name\":\"Sistema de Monitoreo de reservorios de agua\"}]},{\"@type\":\"WebSite\",\"@id\":\"https:\\\/\\\/nurona.com.py\\\/web\\\/#website\",\"url\":\"https:\\\/\\\/nurona.com.py\\\/web\\\/\",\"name\":\"Industrializando al Pais\",\"description\":\"Industrializando al Pais\",\"publisher\":{\"@id\":\"https:\\\/\\\/nurona.com.py\\\/web\\\/#organization\"},\"potentialAction\":[{\"@type\":\"SearchAction\",\"target\":{\"@type\":\"EntryPoint\",\"urlTemplate\":\"https:\\\/\\\/nurona.com.py\\\/web\\\/?s={search_term_string}\"},\"query-input\":{\"@type\":\"PropertyValueSpecification\",\"valueRequired\":true,\"valueName\":\"search_term_string\"}}],\"inLanguage\":\"es\"},{\"@type\":\"Organization\",\"@id\":\"https:\\\/\\\/nurona.com.py\\\/web\\\/#organization\",\"name\":\"Industrializando al Pais\",\"url\":\"https:\\\/\\\/nurona.com.py\\\/web\\\/\",\"logo\":{\"@type\":\"ImageObject\",\"inLanguage\":\"es\",\"@id\":\"https:\\\/\\\/nurona.com.py\\\/web\\\/#\\\/schema\\\/logo\\\/image\\\/\",\"url\":\"https:\\\/\\\/i0.wp.com\\\/nurona.com.py\\\/web\\\/wp-content\\\/uploads\\\/2023\\\/03\\\/logoNuronaPng-3.png?fit=900%2C200&ssl=1\",\"contentUrl\":\"https:\\\/\\\/i0.wp.com\\\/nurona.com.py\\\/web\\\/wp-content\\\/uploads\\\/2023\\\/03\\\/logoNuronaPng-3.png?fit=900%2C200&ssl=1\",\"width\":900,\"height\":200,\"caption\":\"Industrializando al Pais\"},\"image\":{\"@id\":\"https:\\\/\\\/nurona.com.py\\\/web\\\/#\\\/schema\\\/logo\\\/image\\\/\"}}]}<\/script>\n<!-- \/ Yoast SEO plugin. -->","yoast_head_json":{"title":"Sistema de Monitoreo de reservorios de agua - Industrializando al Pais","robots":{"index":"index","follow":"follow","max-snippet":"max-snippet:-1","max-image-preview":"max-image-preview:large","max-video-preview":"max-video-preview:-1"},"canonical":"https:\/\/nurona.com.py\/web\/sensoresdeagua\/","og_locale":"es_ES","og_type":"article","og_title":"Sistema de Monitoreo de reservorios de agua - Industrializando al Pais","og_description":"Vigila tu valiosa reserva de agua con nuestro sistema de medici\u00f3n \u00bfCu\u00e1nta agua tengo disponible? \u00bfC\u00f3mo estoy comparando el rendimiento con la misma \u00e9poca de la temporada anterior? \u00bfPuedo encender las bombas? \u00bfTiene el ganado acceso al agua?Con nuestro sistema, la conectividad con tus sistemas de campo y la informaci\u00f3n importante que estos proporcionan es [&hellip;]","og_url":"https:\/\/nurona.com.py\/web\/sensoresdeagua\/","og_site_name":"Industrializando al Pais","article_modified_time":"2025-06-02T13:09:44+00:00","og_image":[{"width":800,"height":400,"url":"https:\/\/i0.wp.com\/nurona.com.py\/web\/wp-content\/uploads\/2025\/06\/Untitled-design-5.png?fit=800%2C400&ssl=1","type":"image\/png"}],"twitter_card":"summary_large_image","twitter_misc":{"Tiempo de lectura":"3 minutos"},"schema":{"@context":"https:\/\/schema.org","@graph":[{"@type":"WebPage","@id":"https:\/\/nurona.com.py\/web\/sensoresdeagua\/","url":"https:\/\/nurona.com.py\/web\/sensoresdeagua\/","name":"Sistema de Monitoreo de reservorios de agua - Industrializando al Pais","isPartOf":{"@id":"https:\/\/nurona.com.py\/web\/#website"},"primaryImageOfPage":{"@id":"https:\/\/nurona.com.py\/web\/sensoresdeagua\/#primaryimage"},"image":{"@id":"https:\/\/nurona.com.py\/web\/sensoresdeagua\/#primaryimage"},"thumbnailUrl":"https:\/\/i0.wp.com\/nurona.com.py\/web\/wp-content\/uploads\/2025\/06\/Untitled-design-5.png?fit=800%2C400&amp;ssl=1","datePublished":"2025-06-01T23:15:53+00:00","dateModified":"2025-06-02T13:09:44+00:00","breadcrumb":{"@id":"https:\/\/nurona.com.py\/web\/sensoresdeagua\/#breadcrumb"},"inLanguage":"es","potentialAction":[{"@type":"ReadAction","target":["https:\/\/nurona.com.py\/web\/sensoresdeagua\/"]}]},{"@type":"ImageObject","inLanguage":"es","@id":"https:\/\/nurona.com.py\/web\/sensoresdeagua\/#primaryimage","url":"https:\/\/i0.wp.com\/nurona.com.py\/web\/wp-content\/uploads\/2025\/06\/Untitled-design-5.png?fit=800%2C400&amp;ssl=1","contentUrl":"https:\/\/i0.wp.com\/nurona.com.py\/web\/wp-content\/uploads\/2025\/06\/Untitled-design-5.png?fit=800%2C400&amp;ssl=1"},{"@type":"BreadcrumbList","@id":"https:\/\/nurona.com.py\/web\/sensoresdeagua\/#breadcrumb","itemListElement":[{"@type":"ListItem","position":1,"name":"Home","item":"https:\/\/nurona.com.py\/web\/"},{"@type":"ListItem","position":2,"name":"Sistema de Monitoreo de reservorios de agua"}]},{"@type":"WebSite","@id":"https:\/\/nurona.com.py\/web\/#website","url":"https:\/\/nurona.com.py\/web\/","name":"Industrializando al Pais","description":"Industrializando al Pais","publisher":{"@id":"https:\/\/nurona.com.py\/web\/#organization"},"potentialAction":[{"@type":"SearchAction","target":{"@type":"EntryPoint","urlTemplate":"https:\/\/nurona.com.py\/web\/?s={search_term_string}"},"query-input":{"@type":"PropertyValueSpecification","valueRequired":true,"valueName":"search_term_string"}}],"inLanguage":"es"},{"@type":"Organization","@id":"https:\/\/nurona.com.py\/web\/#organization","name":"Industrializando al Pais","url":"https:\/\/nurona.com.py\/web\/","logo":{"@type":"ImageObject","inLanguage":"es","@id":"https:\/\/nurona.com.py\/web\/#\/schema\/logo\/image\/","url":"https:\/\/i0.wp.com\/nurona.com.py\/web\/wp-content\/uploads\/2023\/03\/logoNuronaPng-3.png?fit=900%2C200&ssl=1","contentUrl":"https:\/\/i0.wp.com\/nurona.com.py\/web\/wp-content\/uploads\/2023\/03\/logoNuronaPng-3.png?fit=900%2C200&ssl=1","width":900,"height":200,"caption":"Industrializando al Pais"},"image":{"@id":"https:\/\/nurona.com.py\/web\/#\/schema\/logo\/image\/"}}]}},"jetpack_sharing_enabled":true,"_links":{"self":[{"href":"https:\/\/nurona.com.py\/web\/wp-json\/wp\/v2\/pages\/593","targetHints":{"allow":["GET"]}}],"collection":[{"href":"https:\/\/nurona.com.py\/web\/wp-json\/wp\/v2\/pages"}],"about":[{"href":"https:\/\/nurona.com.py\/web\/wp-json\/wp\/v2\/types\/page"}],"author":[{"embeddable":true,"href":"https:\/\/nurona.com.py\/web\/wp-json\/wp\/v2\/users\/1"}],"replies":[{"embeddable":true,"href":"https:\/\/nurona.com.py\/web\/wp-json\/wp\/v2\/comments?post=593"}],"version-history":[{"count":20,"href":"https:\/\/nurona.com.py\/web\/wp-json\/wp\/v2\/pages\/593\/revisions"}],"predecessor-version":[{"id":632,"href":"https:\/\/nurona.com.py\/web\/wp-json\/wp\/v2\/pages\/593\/revisions\/632"}],"wp:attachment":[{"href":"https:\/\/nurona.com.py\/web\/wp-json\/wp\/v2\/media?parent=593"}],"curies":[{"name":"wp","href":"https:\/\/api.w.org\/{rel}","templated":true}]}}