{"id":513,"date":"2024-04-09T11:09:12","date_gmt":"2024-04-09T15:09:12","guid":{"rendered":"https:\/\/nurona.com.py\/web\/?post_type=product&#038;p=513"},"modified":"2024-04-11T12:27:51","modified_gmt":"2024-04-11T16:27:51","slug":"vibrador-de-flujo-80mm","status":"publish","type":"product","link":"https:\/\/nurona.com.py\/web\/product\/vibrador-de-flujo-80mm\/","title":{"rendered":"Vibrador de flujo 80mm"},"content":{"rendered":"<p><strong>Vibrador neum\u00e1tico de aire de baja presi\u00f3n para las industrias alimentaria y farmac\u00e9utica de alta velocidad<br \/>\n<\/strong>Especificaciones:<br \/>\nTemperatura m\u00e1xima de funcionamiento (\u00b0C): +120<br \/>\nNivel de ruido (dbA): 60 a 75<br \/>\nVibraciones\/min (@29\/58\/87 PSI): 17.000\/20.000\/23.000<br \/>\nFuerza centr\u00edfuga (N) (@29\/58\/87 PSI): 2170\/4040\/5520<br \/>\nUso de aire (CFM) (@29\/58\/87 PSI): 6,6\/11,4\/15,9<br \/>\nPuertos BSP (pulg.) 1\/4<br \/>\n<em><strong>PARA ACTIVACI\u00d3N DEL VIBRADOR EN FORMA AUTOMATIZADA EN UN MOMENTO ESPECIFICO DE SU PROCESO DE PRODUCCI\u00d3N PUEDE CONSULTAR LOS TIPOS DE AUTOMATISMOS DISPONIBLES PARA SU INDUSTRIA.<\/strong><\/em><\/p>\n<p>&nbsp;<\/p>\n<p><strong>Tipos de problemas que pueden ser resueltos con los vibradores de flujo<\/strong><\/p>\n<p><img loading=\"lazy\" decoding=\"async\" class=\"alignnone wp-image-550\" src=\"https:\/\/i0.wp.com\/nurona.com.py\/web\/wp-content\/uploads\/2024\/04\/71Ad9S6XKDL._AC_SL1500_.jpg?resize=374%2C369&amp;ssl=1\" sizes=\"auto, (max-width: 374px) 100vw, 374px\" srcset=\"https:\/\/i0.wp.com\/nurona.com.py\/web\/wp-content\/uploads\/2024\/04\/71Ad9S6XKDL._AC_SL1500_.jpg?resize=300%2C296&amp;ssl=1 300w, https:\/\/i0.wp.com\/nurona.com.py\/web\/wp-content\/uploads\/2024\/04\/71Ad9S6XKDL._AC_SL1500_.jpg?resize=1024%2C1010&amp;ssl=1 1024w, https:\/\/i0.wp.com\/nurona.com.py\/web\/wp-content\/uploads\/2024\/04\/71Ad9S6XKDL._AC_SL1500_.jpg?resize=768%2C758&amp;ssl=1 768w, https:\/\/i0.wp.com\/nurona.com.py\/web\/wp-content\/uploads\/2024\/04\/71Ad9S6XKDL._AC_SL1500_.jpg?resize=600%2C592&amp;ssl=1 600w, https:\/\/i0.wp.com\/nurona.com.py\/web\/wp-content\/uploads\/2024\/04\/71Ad9S6XKDL._AC_SL1500_.jpg?resize=100%2C100&amp;ssl=1 100w, https:\/\/i0.wp.com\/nurona.com.py\/web\/wp-content\/uploads\/2024\/04\/71Ad9S6XKDL._AC_SL1500_.jpg?w=1500&amp;ssl=1 1500w\" alt=\"\" width=\"374\" height=\"369\" \/><\/p>\n","protected":false},"excerpt":{"rendered":"<p>Vibrador de Flujo para tolvas, silos para fluidizar su proceso productivo. Los vibradores de flujo son ideales para evitar los golpes en las paredes de los equipos de almacenamiento, estos garantizan una fluidez del producto en cuesti\u00f3n, y evitan las demoras en la producci\u00f3n. Son de f\u00e1cil instalaci\u00f3n y pueden ser automatizados.<\/p>\n","protected":false},"featured_media":527,"template":"","meta":{"nf_dc_page":"","om_disable_all_campaigns":false,"_uf_show_specific_survey":0,"_uf_disable_surveys":false},"product_brand":[],"product_cat":[37],"product_tag":[],"class_list":{"0":"post-513","1":"product","2":"type-product","3":"status-publish","4":"has-post-thumbnail","6":"product_cat-neumatica","8":"first","9":"instock","10":"shipping-taxable","11":"product-type-simple"},"aioseo_notices":[],"yoast_head":"<!-- This site is optimized with the Yoast SEO plugin v27.5 - https:\/\/yoast.com\/product\/yoast-seo-wordpress\/ -->\n<title>Vibrador de flujo 80mm - Industrializando al Pais<\/title>\n<meta name=\"robots\" content=\"index, follow, max-snippet:-1, max-image-preview:large, max-video-preview:-1\" \/>\n<link rel=\"canonical\" href=\"https:\/\/nurona.com.py\/web\/product\/vibrador-de-flujo-80mm\/\" \/>\n<meta property=\"og:locale\" content=\"es_ES\" \/>\n<meta property=\"og:type\" content=\"article\" \/>\n<meta property=\"og:title\" content=\"Vibrador de flujo 80mm - Industrializando al Pais\" \/>\n<meta property=\"og:description\" content=\"Vibrador de Flujo para tolvas, silos para fluidizar su proceso productivo. Los vibradores de flujo son ideales para evitar los golpes en las paredes de los equipos de almacenamiento, estos garantizan una fluidez del producto en cuesti\u00f3n, y evitan las demoras en la producci\u00f3n. Son de f\u00e1cil instalaci\u00f3n y pueden ser automatizados.\" \/>\n<meta property=\"og:url\" content=\"https:\/\/nurona.com.py\/web\/product\/vibrador-de-flujo-80mm\/\" \/>\n<meta property=\"og:site_name\" content=\"Industrializando al Pais\" \/>\n<meta property=\"article:modified_time\" content=\"2024-04-11T16:27:51+00:00\" \/>\n<meta property=\"og:image\" content=\"https:\/\/nurona.com.py\/web\/wp-content\/uploads\/2024\/04\/vibradormediano-e1712852571474.png\" \/>\n\t<meta property=\"og:image:width\" content=\"433\" \/>\n\t<meta property=\"og:image:height\" content=\"347\" \/>\n\t<meta property=\"og:image:type\" content=\"image\/png\" \/>\n<meta name=\"twitter:card\" content=\"summary_large_image\" \/>\n<meta name=\"twitter:label1\" content=\"Tiempo de lectura\" \/>\n\t<meta name=\"twitter:data1\" content=\"1 minuto\" \/>\n<script type=\"application\/ld+json\" class=\"yoast-schema-graph\">{\"@context\":\"https:\\\/\\\/schema.org\",\"@graph\":[{\"@type\":\"WebPage\",\"@id\":\"https:\\\/\\\/nurona.com.py\\\/web\\\/product\\\/vibrador-de-flujo-80mm\\\/\",\"url\":\"https:\\\/\\\/nurona.com.py\\\/web\\\/product\\\/vibrador-de-flujo-80mm\\\/\",\"name\":\"Vibrador de flujo 80mm - Industrializando al Pais\",\"isPartOf\":{\"@id\":\"https:\\\/\\\/nurona.com.py\\\/web\\\/#website\"},\"primaryImageOfPage\":{\"@id\":\"https:\\\/\\\/nurona.com.py\\\/web\\\/product\\\/vibrador-de-flujo-80mm\\\/#primaryimage\"},\"image\":{\"@id\":\"https:\\\/\\\/nurona.com.py\\\/web\\\/product\\\/vibrador-de-flujo-80mm\\\/#primaryimage\"},\"thumbnailUrl\":\"https:\\\/\\\/i0.wp.com\\\/nurona.com.py\\\/web\\\/wp-content\\\/uploads\\\/2024\\\/04\\\/vibradormediano-e1712852571474.png?fit=433%2C347&ssl=1\",\"datePublished\":\"2024-04-09T15:09:12+00:00\",\"dateModified\":\"2024-04-11T16:27:51+00:00\",\"breadcrumb\":{\"@id\":\"https:\\\/\\\/nurona.com.py\\\/web\\\/product\\\/vibrador-de-flujo-80mm\\\/#breadcrumb\"},\"inLanguage\":\"es\",\"potentialAction\":[{\"@type\":\"ReadAction\",\"target\":[\"https:\\\/\\\/nurona.com.py\\\/web\\\/product\\\/vibrador-de-flujo-80mm\\\/\"]}]},{\"@type\":\"ImageObject\",\"inLanguage\":\"es\",\"@id\":\"https:\\\/\\\/nurona.com.py\\\/web\\\/product\\\/vibrador-de-flujo-80mm\\\/#primaryimage\",\"url\":\"https:\\\/\\\/i0.wp.com\\\/nurona.com.py\\\/web\\\/wp-content\\\/uploads\\\/2024\\\/04\\\/vibradormediano-e1712852571474.png?fit=433%2C347&ssl=1\",\"contentUrl\":\"https:\\\/\\\/i0.wp.com\\\/nurona.com.py\\\/web\\\/wp-content\\\/uploads\\\/2024\\\/04\\\/vibradormediano-e1712852571474.png?fit=433%2C347&ssl=1\",\"width\":433,\"height\":347},{\"@type\":\"BreadcrumbList\",\"@id\":\"https:\\\/\\\/nurona.com.py\\\/web\\\/product\\\/vibrador-de-flujo-80mm\\\/#breadcrumb\",\"itemListElement\":[{\"@type\":\"ListItem\",\"position\":1,\"name\":\"Home\",\"item\":\"https:\\\/\\\/nurona.com.py\\\/web\\\/\"},{\"@type\":\"ListItem\",\"position\":2,\"name\":\"Cat\u00e1logo de Productos\",\"item\":\"https:\\\/\\\/nurona.com.py\\\/web\\\/shop\\\/\"},{\"@type\":\"ListItem\",\"position\":3,\"name\":\"Vibrador de flujo 80mm\"}]},{\"@type\":\"WebSite\",\"@id\":\"https:\\\/\\\/nurona.com.py\\\/web\\\/#website\",\"url\":\"https:\\\/\\\/nurona.com.py\\\/web\\\/\",\"name\":\"Industrializando al Pais\",\"description\":\"Industrializando al Pais\",\"publisher\":{\"@id\":\"https:\\\/\\\/nurona.com.py\\\/web\\\/#organization\"},\"potentialAction\":[{\"@type\":\"SearchAction\",\"target\":{\"@type\":\"EntryPoint\",\"urlTemplate\":\"https:\\\/\\\/nurona.com.py\\\/web\\\/?s={search_term_string}\"},\"query-input\":{\"@type\":\"PropertyValueSpecification\",\"valueRequired\":true,\"valueName\":\"search_term_string\"}}],\"inLanguage\":\"es\"},{\"@type\":\"Organization\",\"@id\":\"https:\\\/\\\/nurona.com.py\\\/web\\\/#organization\",\"name\":\"Industrializando al Pais\",\"url\":\"https:\\\/\\\/nurona.com.py\\\/web\\\/\",\"logo\":{\"@type\":\"ImageObject\",\"inLanguage\":\"es\",\"@id\":\"https:\\\/\\\/nurona.com.py\\\/web\\\/#\\\/schema\\\/logo\\\/image\\\/\",\"url\":\"https:\\\/\\\/i0.wp.com\\\/nurona.com.py\\\/web\\\/wp-content\\\/uploads\\\/2023\\\/03\\\/logoNuronaPng-3.png?fit=900%2C200&ssl=1\",\"contentUrl\":\"https:\\\/\\\/i0.wp.com\\\/nurona.com.py\\\/web\\\/wp-content\\\/uploads\\\/2023\\\/03\\\/logoNuronaPng-3.png?fit=900%2C200&ssl=1\",\"width\":900,\"height\":200,\"caption\":\"Industrializando al Pais\"},\"image\":{\"@id\":\"https:\\\/\\\/nurona.com.py\\\/web\\\/#\\\/schema\\\/logo\\\/image\\\/\"}}]}<\/script>\n<!-- \/ Yoast SEO plugin. -->","yoast_head_json":{"title":"Vibrador de flujo 80mm - Industrializando al Pais","robots":{"index":"index","follow":"follow","max-snippet":"max-snippet:-1","max-image-preview":"max-image-preview:large","max-video-preview":"max-video-preview:-1"},"canonical":"https:\/\/nurona.com.py\/web\/product\/vibrador-de-flujo-80mm\/","og_locale":"es_ES","og_type":"article","og_title":"Vibrador de flujo 80mm - Industrializando al Pais","og_description":"Vibrador de Flujo para tolvas, silos para fluidizar su proceso productivo. Los vibradores de flujo son ideales para evitar los golpes en las paredes de los equipos de almacenamiento, estos garantizan una fluidez del producto en cuesti\u00f3n, y evitan las demoras en la producci\u00f3n. Son de f\u00e1cil instalaci\u00f3n y pueden ser automatizados.","og_url":"https:\/\/nurona.com.py\/web\/product\/vibrador-de-flujo-80mm\/","og_site_name":"Industrializando al Pais","article_modified_time":"2024-04-11T16:27:51+00:00","og_image":[{"width":433,"height":347,"url":"https:\/\/nurona.com.py\/web\/wp-content\/uploads\/2024\/04\/vibradormediano-e1712852571474.png","type":"image\/png"}],"twitter_card":"summary_large_image","twitter_misc":{"Tiempo de lectura":"1 minuto"},"schema":{"@context":"https:\/\/schema.org","@graph":[{"@type":"WebPage","@id":"https:\/\/nurona.com.py\/web\/product\/vibrador-de-flujo-80mm\/","url":"https:\/\/nurona.com.py\/web\/product\/vibrador-de-flujo-80mm\/","name":"Vibrador de flujo 80mm - Industrializando al Pais","isPartOf":{"@id":"https:\/\/nurona.com.py\/web\/#website"},"primaryImageOfPage":{"@id":"https:\/\/nurona.com.py\/web\/product\/vibrador-de-flujo-80mm\/#primaryimage"},"image":{"@id":"https:\/\/nurona.com.py\/web\/product\/vibrador-de-flujo-80mm\/#primaryimage"},"thumbnailUrl":"https:\/\/i0.wp.com\/nurona.com.py\/web\/wp-content\/uploads\/2024\/04\/vibradormediano-e1712852571474.png?fit=433%2C347&ssl=1","datePublished":"2024-04-09T15:09:12+00:00","dateModified":"2024-04-11T16:27:51+00:00","breadcrumb":{"@id":"https:\/\/nurona.com.py\/web\/product\/vibrador-de-flujo-80mm\/#breadcrumb"},"inLanguage":"es","potentialAction":[{"@type":"ReadAction","target":["https:\/\/nurona.com.py\/web\/product\/vibrador-de-flujo-80mm\/"]}]},{"@type":"ImageObject","inLanguage":"es","@id":"https:\/\/nurona.com.py\/web\/product\/vibrador-de-flujo-80mm\/#primaryimage","url":"https:\/\/i0.wp.com\/nurona.com.py\/web\/wp-content\/uploads\/2024\/04\/vibradormediano-e1712852571474.png?fit=433%2C347&ssl=1","contentUrl":"https:\/\/i0.wp.com\/nurona.com.py\/web\/wp-content\/uploads\/2024\/04\/vibradormediano-e1712852571474.png?fit=433%2C347&ssl=1","width":433,"height":347},{"@type":"BreadcrumbList","@id":"https:\/\/nurona.com.py\/web\/product\/vibrador-de-flujo-80mm\/#breadcrumb","itemListElement":[{"@type":"ListItem","position":1,"name":"Home","item":"https:\/\/nurona.com.py\/web\/"},{"@type":"ListItem","position":2,"name":"Cat\u00e1logo de Productos","item":"https:\/\/nurona.com.py\/web\/shop\/"},{"@type":"ListItem","position":3,"name":"Vibrador de flujo 80mm"}]},{"@type":"WebSite","@id":"https:\/\/nurona.com.py\/web\/#website","url":"https:\/\/nurona.com.py\/web\/","name":"Industrializando al Pais","description":"Industrializando al Pais","publisher":{"@id":"https:\/\/nurona.com.py\/web\/#organization"},"potentialAction":[{"@type":"SearchAction","target":{"@type":"EntryPoint","urlTemplate":"https:\/\/nurona.com.py\/web\/?s={search_term_string}"},"query-input":{"@type":"PropertyValueSpecification","valueRequired":true,"valueName":"search_term_string"}}],"inLanguage":"es"},{"@type":"Organization","@id":"https:\/\/nurona.com.py\/web\/#organization","name":"Industrializando al Pais","url":"https:\/\/nurona.com.py\/web\/","logo":{"@type":"ImageObject","inLanguage":"es","@id":"https:\/\/nurona.com.py\/web\/#\/schema\/logo\/image\/","url":"https:\/\/i0.wp.com\/nurona.com.py\/web\/wp-content\/uploads\/2023\/03\/logoNuronaPng-3.png?fit=900%2C200&ssl=1","contentUrl":"https:\/\/i0.wp.com\/nurona.com.py\/web\/wp-content\/uploads\/2023\/03\/logoNuronaPng-3.png?fit=900%2C200&ssl=1","width":900,"height":200,"caption":"Industrializando al Pais"},"image":{"@id":"https:\/\/nurona.com.py\/web\/#\/schema\/logo\/image\/"}}]}},"jetpack_sharing_enabled":true,"_links":{"self":[{"href":"https:\/\/nurona.com.py\/web\/wp-json\/wp\/v2\/product\/513","targetHints":{"allow":["GET"]}}],"collection":[{"href":"https:\/\/nurona.com.py\/web\/wp-json\/wp\/v2\/product"}],"about":[{"href":"https:\/\/nurona.com.py\/web\/wp-json\/wp\/v2\/types\/product"}],"wp:featuredmedia":[{"embeddable":true,"href":"https:\/\/nurona.com.py\/web\/wp-json\/wp\/v2\/media\/527"}],"wp:attachment":[{"href":"https:\/\/nurona.com.py\/web\/wp-json\/wp\/v2\/media?parent=513"}],"wp:term":[{"taxonomy":"product_brand","embeddable":true,"href":"https:\/\/nurona.com.py\/web\/wp-json\/wp\/v2\/product_brand?post=513"},{"taxonomy":"product_cat","embeddable":true,"href":"https:\/\/nurona.com.py\/web\/wp-json\/wp\/v2\/product_cat?post=513"},{"taxonomy":"product_tag","embeddable":true,"href":"https:\/\/nurona.com.py\/web\/wp-json\/wp\/v2\/product_tag?post=513"}],"curies":[{"name":"wp","href":"https:\/\/api.w.org\/{rel}","templated":true}]}}