{"id":519,"date":"2024-04-09T11:15:39","date_gmt":"2024-04-09T15:15:39","guid":{"rendered":"https:\/\/nurona.com.py\/web\/?post_type=product&#038;p=519"},"modified":"2024-04-17T21:07:27","modified_gmt":"2024-04-18T01:07:27","slug":"sensor-rotativo-24vcd-largo","status":"publish","type":"product","link":"https:\/\/nurona.com.py\/web\/product\/sensor-rotativo-24vcd-largo\/","title":{"rendered":"Sensor Rotativo 24VCD Largo"},"content":{"rendered":"<h4>Sensor de Nivel rotativo a paletas<br \/>\nVoltaje: 24V<br \/>\nPotencia: 4W<br \/>\nVelocidad de la hoja: 1r.p.m.<br \/>\nPar de medici\u00f3n: 1,0 Nm<br \/>\nTemperatura de trabajo: &#8211; 20 ~ 80 \u2103<br \/>\nGravedad espec\u00edfica aplicable: 0,5 g\/cm\u00b3<\/h4>\n<h4><strong>Caracter\u00edsticas:<br \/>\n<\/strong>1. Estructura compacta y forma compacta.<br \/>\n2. Carcasa de aleaci\u00f3n de aluminio, s\u00f3lida y fiable.<br \/>\n3. Rendimiento estable<\/h4>\n<h4>El paquete incluye:<br \/>\n1 \u00d7 interruptor<\/h4>\n<p><strong>Nota:<\/strong><\/p>\n<p>Para instalaci\u00f3n horizontal, se recomienda instalar el interruptor horizontalmente y hacia abajo en un \u00e1ngulo de 15-20\u00b0 para reducir el impacto de los materiales.<\/p>\n<p>La entrada de cables de la caja de conexiones debe mirar hacia abajo y la tuerca de fijaci\u00f3n del perno el\u00e9ctrico debe estar bloqueada.<\/p>\n<p>Confirme que el voltaje utilizado sea el correcto durante la transmisi\u00f3n de energ\u00eda.<\/p>\n<p>La carga de la l\u00ednea controlada debe coincidir con la placa de contacto del interruptor#<\/p>\n<p>Se debe evitar el interruptor de puente o el motor de vibraci\u00f3n cerca de la instalaci\u00f3n del producto.<\/p>\n<p>El interruptor no debe instalarse cerca de la entrada de alimentaci\u00f3n para reducir el da\u00f1o y el mal funcionamiento de la hoja. Si el interruptor debe instalarse cerca de la entrada de alimentaci\u00f3n, se debe instalar un deflector protector de 2&#8243; de ancho a 200 mm por encima del interruptor.<\/p>\n<p>La instalaci\u00f3n horizontal y la instalaci\u00f3n vertical se seleccionar\u00e1n seg\u00fan los diferentes modelos.<\/p>\n<p>Cuando el interruptor de tipo ajustable de longitud del eje se desmonta e instala en el sitio, cuando la junta universal est\u00e1 conectada con el eje de transmisi\u00f3n, la tuerca de bloqueo debe recubrirse con pegamento y luego bloquearse con una llave.<\/p>\n<p>En la instalaci\u00f3n en campo se debe seguir la advertencia de abrir la tapa despu\u00e9s de cortar el suministro el\u00e9ctrico.<\/p>\n<p>No deber\u00e1 haber gases t\u00f3xicos corrosivos para la aleaci\u00f3n de aluminio en el lugar de instalaci\u00f3n.<\/p>\n<p>La temperatura m\u00e1xima del medio probado no exceder\u00e1 la temperatura indicada en la etiqueta del producto.<\/p>\n","protected":false},"excerpt":{"rendered":"<p>Sensor de Nivel rotativo a paletas Voltaje: 24V Potencia: 4W Velocidad de la hoja: 1r.p.m. Par de medici\u00f3n: 1,0 Nm Temperatura de trabajo: &#8211; 20 ~ 80 \u2103 Gravedad espec\u00edfica aplicable: 0,5 g\/cm\u00b3 Caracter\u00edsticas: 1. Estructura compacta y forma compacta. 2. Carcasa de aleaci\u00f3n de aluminio, s\u00f3lida y fiable. 3. Rendimiento estable El paquete incluye: [&hellip;]<\/p>\n","protected":false},"featured_media":533,"template":"","meta":{"nf_dc_page":"","om_disable_all_campaigns":false,"_uf_show_specific_survey":0,"_uf_disable_surveys":false},"product_brand":[],"product_cat":[36],"product_tag":[],"class_list":{"0":"post-519","1":"product","2":"type-product","3":"status-publish","4":"has-post-thumbnail","6":"product_cat-sensores","8":"first","9":"instock","10":"shipping-taxable","11":"product-type-simple"},"aioseo_notices":[],"yoast_head":"<!-- This site is optimized with the Yoast SEO plugin v27.5 - https:\/\/yoast.com\/product\/yoast-seo-wordpress\/ -->\n<title>Sensor Rotativo 24VCD Largo - Industrializando al Pais<\/title>\n<meta name=\"robots\" content=\"index, follow, max-snippet:-1, max-image-preview:large, max-video-preview:-1\" \/>\n<link rel=\"canonical\" href=\"https:\/\/nurona.com.py\/web\/product\/sensor-rotativo-24vcd-largo\/\" \/>\n<meta property=\"og:locale\" content=\"es_ES\" \/>\n<meta property=\"og:type\" content=\"article\" \/>\n<meta property=\"og:title\" content=\"Sensor Rotativo 24VCD Largo - Industrializando al Pais\" \/>\n<meta property=\"og:description\" content=\"Sensor de Nivel rotativo a paletas Voltaje: 24V Potencia: 4W Velocidad de la hoja: 1r.p.m. Par de medici\u00f3n: 1,0 Nm Temperatura de trabajo: &#8211; 20 ~ 80 \u2103 Gravedad espec\u00edfica aplicable: 0,5 g\/cm\u00b3 Caracter\u00edsticas: 1. Estructura compacta y forma compacta. 2. Carcasa de aleaci\u00f3n de aluminio, s\u00f3lida y fiable. 3. Rendimiento estable El paquete incluye: [&hellip;]\" \/>\n<meta property=\"og:url\" content=\"https:\/\/nurona.com.py\/web\/product\/sensor-rotativo-24vcd-largo\/\" \/>\n<meta property=\"og:site_name\" content=\"Industrializando al Pais\" \/>\n<meta property=\"article:modified_time\" content=\"2024-04-18T01:07:27+00:00\" \/>\n<meta property=\"og:image\" content=\"https:\/\/nurona.com.py\/web\/wp-content\/uploads\/2024\/04\/paddel_sensor_long-removebg-preview.png\" \/>\n\t<meta property=\"og:image:width\" content=\"500\" \/>\n\t<meta property=\"og:image:height\" content=\"500\" \/>\n\t<meta property=\"og:image:type\" content=\"image\/png\" \/>\n<meta name=\"twitter:card\" content=\"summary_large_image\" \/>\n<meta name=\"twitter:label1\" content=\"Tiempo de lectura\" \/>\n\t<meta name=\"twitter:data1\" content=\"2 minutos\" \/>\n<script type=\"application\/ld+json\" class=\"yoast-schema-graph\">{\"@context\":\"https:\\\/\\\/schema.org\",\"@graph\":[{\"@type\":\"WebPage\",\"@id\":\"https:\\\/\\\/nurona.com.py\\\/web\\\/product\\\/sensor-rotativo-24vcd-largo\\\/\",\"url\":\"https:\\\/\\\/nurona.com.py\\\/web\\\/product\\\/sensor-rotativo-24vcd-largo\\\/\",\"name\":\"Sensor Rotativo 24VCD Largo - Industrializando al Pais\",\"isPartOf\":{\"@id\":\"https:\\\/\\\/nurona.com.py\\\/web\\\/#website\"},\"primaryImageOfPage\":{\"@id\":\"https:\\\/\\\/nurona.com.py\\\/web\\\/product\\\/sensor-rotativo-24vcd-largo\\\/#primaryimage\"},\"image\":{\"@id\":\"https:\\\/\\\/nurona.com.py\\\/web\\\/product\\\/sensor-rotativo-24vcd-largo\\\/#primaryimage\"},\"thumbnailUrl\":\"https:\\\/\\\/i0.wp.com\\\/nurona.com.py\\\/web\\\/wp-content\\\/uploads\\\/2024\\\/04\\\/paddel_sensor_long-removebg-preview.png?fit=500%2C500&ssl=1\",\"datePublished\":\"2024-04-09T15:15:39+00:00\",\"dateModified\":\"2024-04-18T01:07:27+00:00\",\"breadcrumb\":{\"@id\":\"https:\\\/\\\/nurona.com.py\\\/web\\\/product\\\/sensor-rotativo-24vcd-largo\\\/#breadcrumb\"},\"inLanguage\":\"es\",\"potentialAction\":[{\"@type\":\"ReadAction\",\"target\":[\"https:\\\/\\\/nurona.com.py\\\/web\\\/product\\\/sensor-rotativo-24vcd-largo\\\/\"]}]},{\"@type\":\"ImageObject\",\"inLanguage\":\"es\",\"@id\":\"https:\\\/\\\/nurona.com.py\\\/web\\\/product\\\/sensor-rotativo-24vcd-largo\\\/#primaryimage\",\"url\":\"https:\\\/\\\/i0.wp.com\\\/nurona.com.py\\\/web\\\/wp-content\\\/uploads\\\/2024\\\/04\\\/paddel_sensor_long-removebg-preview.png?fit=500%2C500&ssl=1\",\"contentUrl\":\"https:\\\/\\\/i0.wp.com\\\/nurona.com.py\\\/web\\\/wp-content\\\/uploads\\\/2024\\\/04\\\/paddel_sensor_long-removebg-preview.png?fit=500%2C500&ssl=1\",\"width\":500,\"height\":500},{\"@type\":\"BreadcrumbList\",\"@id\":\"https:\\\/\\\/nurona.com.py\\\/web\\\/product\\\/sensor-rotativo-24vcd-largo\\\/#breadcrumb\",\"itemListElement\":[{\"@type\":\"ListItem\",\"position\":1,\"name\":\"Home\",\"item\":\"https:\\\/\\\/nurona.com.py\\\/web\\\/\"},{\"@type\":\"ListItem\",\"position\":2,\"name\":\"Cat\u00e1logo de Productos\",\"item\":\"https:\\\/\\\/nurona.com.py\\\/web\\\/shop\\\/\"},{\"@type\":\"ListItem\",\"position\":3,\"name\":\"Sensor Rotativo 24VCD Largo\"}]},{\"@type\":\"WebSite\",\"@id\":\"https:\\\/\\\/nurona.com.py\\\/web\\\/#website\",\"url\":\"https:\\\/\\\/nurona.com.py\\\/web\\\/\",\"name\":\"Industrializando al Pais\",\"description\":\"Industrializando al Pais\",\"publisher\":{\"@id\":\"https:\\\/\\\/nurona.com.py\\\/web\\\/#organization\"},\"potentialAction\":[{\"@type\":\"SearchAction\",\"target\":{\"@type\":\"EntryPoint\",\"urlTemplate\":\"https:\\\/\\\/nurona.com.py\\\/web\\\/?s={search_term_string}\"},\"query-input\":{\"@type\":\"PropertyValueSpecification\",\"valueRequired\":true,\"valueName\":\"search_term_string\"}}],\"inLanguage\":\"es\"},{\"@type\":\"Organization\",\"@id\":\"https:\\\/\\\/nurona.com.py\\\/web\\\/#organization\",\"name\":\"Industrializando al Pais\",\"url\":\"https:\\\/\\\/nurona.com.py\\\/web\\\/\",\"logo\":{\"@type\":\"ImageObject\",\"inLanguage\":\"es\",\"@id\":\"https:\\\/\\\/nurona.com.py\\\/web\\\/#\\\/schema\\\/logo\\\/image\\\/\",\"url\":\"https:\\\/\\\/i0.wp.com\\\/nurona.com.py\\\/web\\\/wp-content\\\/uploads\\\/2023\\\/03\\\/logoNuronaPng-3.png?fit=900%2C200&ssl=1\",\"contentUrl\":\"https:\\\/\\\/i0.wp.com\\\/nurona.com.py\\\/web\\\/wp-content\\\/uploads\\\/2023\\\/03\\\/logoNuronaPng-3.png?fit=900%2C200&ssl=1\",\"width\":900,\"height\":200,\"caption\":\"Industrializando al Pais\"},\"image\":{\"@id\":\"https:\\\/\\\/nurona.com.py\\\/web\\\/#\\\/schema\\\/logo\\\/image\\\/\"}}]}<\/script>\n<!-- \/ Yoast SEO plugin. -->","yoast_head_json":{"title":"Sensor Rotativo 24VCD Largo - Industrializando al Pais","robots":{"index":"index","follow":"follow","max-snippet":"max-snippet:-1","max-image-preview":"max-image-preview:large","max-video-preview":"max-video-preview:-1"},"canonical":"https:\/\/nurona.com.py\/web\/product\/sensor-rotativo-24vcd-largo\/","og_locale":"es_ES","og_type":"article","og_title":"Sensor Rotativo 24VCD Largo - Industrializando al Pais","og_description":"Sensor de Nivel rotativo a paletas Voltaje: 24V Potencia: 4W Velocidad de la hoja: 1r.p.m. Par de medici\u00f3n: 1,0 Nm Temperatura de trabajo: &#8211; 20 ~ 80 \u2103 Gravedad espec\u00edfica aplicable: 0,5 g\/cm\u00b3 Caracter\u00edsticas: 1. Estructura compacta y forma compacta. 2. Carcasa de aleaci\u00f3n de aluminio, s\u00f3lida y fiable. 3. Rendimiento estable El paquete incluye: [&hellip;]","og_url":"https:\/\/nurona.com.py\/web\/product\/sensor-rotativo-24vcd-largo\/","og_site_name":"Industrializando al Pais","article_modified_time":"2024-04-18T01:07:27+00:00","og_image":[{"width":500,"height":500,"url":"https:\/\/nurona.com.py\/web\/wp-content\/uploads\/2024\/04\/paddel_sensor_long-removebg-preview.png","type":"image\/png"}],"twitter_card":"summary_large_image","twitter_misc":{"Tiempo de lectura":"2 minutos"},"schema":{"@context":"https:\/\/schema.org","@graph":[{"@type":"WebPage","@id":"https:\/\/nurona.com.py\/web\/product\/sensor-rotativo-24vcd-largo\/","url":"https:\/\/nurona.com.py\/web\/product\/sensor-rotativo-24vcd-largo\/","name":"Sensor Rotativo 24VCD Largo - Industrializando al Pais","isPartOf":{"@id":"https:\/\/nurona.com.py\/web\/#website"},"primaryImageOfPage":{"@id":"https:\/\/nurona.com.py\/web\/product\/sensor-rotativo-24vcd-largo\/#primaryimage"},"image":{"@id":"https:\/\/nurona.com.py\/web\/product\/sensor-rotativo-24vcd-largo\/#primaryimage"},"thumbnailUrl":"https:\/\/i0.wp.com\/nurona.com.py\/web\/wp-content\/uploads\/2024\/04\/paddel_sensor_long-removebg-preview.png?fit=500%2C500&ssl=1","datePublished":"2024-04-09T15:15:39+00:00","dateModified":"2024-04-18T01:07:27+00:00","breadcrumb":{"@id":"https:\/\/nurona.com.py\/web\/product\/sensor-rotativo-24vcd-largo\/#breadcrumb"},"inLanguage":"es","potentialAction":[{"@type":"ReadAction","target":["https:\/\/nurona.com.py\/web\/product\/sensor-rotativo-24vcd-largo\/"]}]},{"@type":"ImageObject","inLanguage":"es","@id":"https:\/\/nurona.com.py\/web\/product\/sensor-rotativo-24vcd-largo\/#primaryimage","url":"https:\/\/i0.wp.com\/nurona.com.py\/web\/wp-content\/uploads\/2024\/04\/paddel_sensor_long-removebg-preview.png?fit=500%2C500&ssl=1","contentUrl":"https:\/\/i0.wp.com\/nurona.com.py\/web\/wp-content\/uploads\/2024\/04\/paddel_sensor_long-removebg-preview.png?fit=500%2C500&ssl=1","width":500,"height":500},{"@type":"BreadcrumbList","@id":"https:\/\/nurona.com.py\/web\/product\/sensor-rotativo-24vcd-largo\/#breadcrumb","itemListElement":[{"@type":"ListItem","position":1,"name":"Home","item":"https:\/\/nurona.com.py\/web\/"},{"@type":"ListItem","position":2,"name":"Cat\u00e1logo de Productos","item":"https:\/\/nurona.com.py\/web\/shop\/"},{"@type":"ListItem","position":3,"name":"Sensor Rotativo 24VCD Largo"}]},{"@type":"WebSite","@id":"https:\/\/nurona.com.py\/web\/#website","url":"https:\/\/nurona.com.py\/web\/","name":"Industrializando al Pais","description":"Industrializando al Pais","publisher":{"@id":"https:\/\/nurona.com.py\/web\/#organization"},"potentialAction":[{"@type":"SearchAction","target":{"@type":"EntryPoint","urlTemplate":"https:\/\/nurona.com.py\/web\/?s={search_term_string}"},"query-input":{"@type":"PropertyValueSpecification","valueRequired":true,"valueName":"search_term_string"}}],"inLanguage":"es"},{"@type":"Organization","@id":"https:\/\/nurona.com.py\/web\/#organization","name":"Industrializando al Pais","url":"https:\/\/nurona.com.py\/web\/","logo":{"@type":"ImageObject","inLanguage":"es","@id":"https:\/\/nurona.com.py\/web\/#\/schema\/logo\/image\/","url":"https:\/\/i0.wp.com\/nurona.com.py\/web\/wp-content\/uploads\/2023\/03\/logoNuronaPng-3.png?fit=900%2C200&ssl=1","contentUrl":"https:\/\/i0.wp.com\/nurona.com.py\/web\/wp-content\/uploads\/2023\/03\/logoNuronaPng-3.png?fit=900%2C200&ssl=1","width":900,"height":200,"caption":"Industrializando al Pais"},"image":{"@id":"https:\/\/nurona.com.py\/web\/#\/schema\/logo\/image\/"}}]}},"jetpack_sharing_enabled":true,"_links":{"self":[{"href":"https:\/\/nurona.com.py\/web\/wp-json\/wp\/v2\/product\/519","targetHints":{"allow":["GET"]}}],"collection":[{"href":"https:\/\/nurona.com.py\/web\/wp-json\/wp\/v2\/product"}],"about":[{"href":"https:\/\/nurona.com.py\/web\/wp-json\/wp\/v2\/types\/product"}],"wp:featuredmedia":[{"embeddable":true,"href":"https:\/\/nurona.com.py\/web\/wp-json\/wp\/v2\/media\/533"}],"wp:attachment":[{"href":"https:\/\/nurona.com.py\/web\/wp-json\/wp\/v2\/media?parent=519"}],"wp:term":[{"taxonomy":"product_brand","embeddable":true,"href":"https:\/\/nurona.com.py\/web\/wp-json\/wp\/v2\/product_brand?post=519"},{"taxonomy":"product_cat","embeddable":true,"href":"https:\/\/nurona.com.py\/web\/wp-json\/wp\/v2\/product_cat?post=519"},{"taxonomy":"product_tag","embeddable":true,"href":"https:\/\/nurona.com.py\/web\/wp-json\/wp\/v2\/product_tag?post=519"}],"curies":[{"name":"wp","href":"https:\/\/api.w.org\/{rel}","templated":true}]}}