{"id":542,"date":"2024-04-09T17:28:09","date_gmt":"2024-04-09T21:28:09","guid":{"rendered":"https:\/\/nurona.com.py\/web\/?post_type=product&#038;p=542"},"modified":"2024-04-11T12:50:22","modified_gmt":"2024-04-11T16:50:22","slug":"variador-de-frecuencia-para-motores-de-3hp-380v","status":"publish","type":"product","link":"https:\/\/nurona.com.py\/web\/product\/variador-de-frecuencia-para-motores-de-3hp-380v\/","title":{"rendered":"Variador de Frecuencia para motores de 3HP 380V"},"content":{"rendered":"<h2>INVERSOR 0.75KW-2.2KW<\/h2>\n<table style=\"height: 465px;\" border=\"1\" width=\"965\" cellspacing=\"0\">\n<tbody>\n<tr class=\"firstRow\">\n<td valign=\"top\" width=\"124\"><strong>Modelo<\/strong><\/td>\n<td valign=\"center\" width=\"61\"><strong>KW<\/strong><\/td>\n<td valign=\"center\" width=\"57\"><strong>HP<\/strong><\/td>\n<td valign=\"center\" width=\"81\"><strong>Corriente Nominal de Entrada(A)<\/strong><\/td>\n<td valign=\"center\" width=\"73\"><strong>Corriente Nominal de Salida (A)<\/strong><\/td>\n<td valign=\"center\" width=\"99\"><strong>Tensi\u00f3n de Entrada<\/strong><\/td>\n<td valign=\"center\" width=\"100\"><strong>Tipo General \/ Tipo Ventilador<\/strong><\/td>\n<td valign=\"center\" width=\"85\"><strong>\u00a0Integrado con funci\u00f3n de freno<\/strong><\/td>\n<\/tr>\n<tr>\n<td valign=\"top\" width=\"124\">VB-2SR75GB<\/td>\n<td valign=\"center\" width=\"61\">0.75<\/td>\n<td valign=\"center\" width=\"57\">1<\/td>\n<td valign=\"center\" width=\"81\">8.2<\/td>\n<td valign=\"center\" width=\"73\">4.5<\/td>\n<td valign=\"center\" width=\"99\">220V \/<\/p>\n<p>Tres Fases<\/td>\n<td valign=\"center\" width=\"100\">Tipo General<\/td>\n<td valign=\"center\" width=\"85\">YES<\/td>\n<\/tr>\n<tr>\n<td valign=\"top\" width=\"124\">VB-2S1R5GB<\/td>\n<td valign=\"center\" width=\"61\">1.5<\/td>\n<td valign=\"center\" width=\"57\">2<\/td>\n<td valign=\"center\" width=\"81\">14<\/td>\n<td valign=\"center\" width=\"73\">7<\/td>\n<td valign=\"center\" width=\"99\">220V \/<\/p>\n<p>Tres Fases<\/td>\n<td valign=\"center\" width=\"100\">Tipo General<\/td>\n<td valign=\"center\" width=\"85\">YES<\/td>\n<\/tr>\n<tr>\n<td valign=\"top\" width=\"124\">VB-2S2R2GB<\/td>\n<td valign=\"center\" width=\"61\">2.2<\/td>\n<td valign=\"center\" width=\"57\">3<\/td>\n<td valign=\"center\" width=\"81\">23<\/td>\n<td valign=\"center\" width=\"73\">9.6<\/td>\n<td valign=\"center\" width=\"99\">220V \/<\/p>\n<p>Tres Fases<\/td>\n<td valign=\"center\" width=\"100\">Tipo General<\/td>\n<td valign=\"center\" width=\"85\">YES<\/td>\n<\/tr>\n<tr>\n<td valign=\"top\" width=\"124\">VB-4TR75GB<\/td>\n<td valign=\"center\" width=\"61\">0.75<\/td>\n<td valign=\"center\" width=\"57\">1<\/td>\n<td valign=\"center\" width=\"81\">3.4<\/td>\n<td valign=\"center\" width=\"73\">2.1<\/td>\n<td valign=\"center\" width=\"99\">380V-440V \/ Tres Fases<\/td>\n<td valign=\"center\" width=\"100\">Tipo General<\/td>\n<td valign=\"center\" width=\"85\">YES<\/td>\n<\/tr>\n<tr>\n<td valign=\"top\" width=\"124\">VB-4T1R5GB<\/td>\n<td valign=\"center\" width=\"61\">1.5<\/td>\n<td valign=\"center\" width=\"57\">2<\/td>\n<td valign=\"center\" width=\"81\">5<\/td>\n<td valign=\"center\" width=\"73\">3.8<\/td>\n<td valign=\"center\" width=\"99\">380V-440V\/ Tres Fases<\/td>\n<td valign=\"center\" width=\"100\">Tipo General<\/td>\n<td valign=\"center\" width=\"85\">YES<\/td>\n<\/tr>\n<tr>\n<td valign=\"top\" width=\"124\">VB-4T2R2GB<\/td>\n<td valign=\"center\" width=\"61\">2.2<\/td>\n<td valign=\"center\" width=\"57\">3<\/td>\n<td valign=\"center\" width=\"81\">5.8<\/td>\n<td valign=\"center\" width=\"73\">5.1<\/td>\n<td valign=\"center\" width=\"99\">380V-440V\u00a0\/ Tres Fases<\/td>\n<td valign=\"center\" width=\"100\">Tipo General<\/td>\n<td valign=\"center\" width=\"85\">YES<\/td>\n<\/tr>\n<\/tbody>\n<\/table>\n<p>La serie VB es un variador de frecuencia AC de uso general de vector de bucle de alto rendimiento.<br \/>\nSe mejora en estabilidad y confiabilidad a trav\u00e9s de actualizaciones t\u00e9cnicas y optimizaci\u00f3n del producto para hacer frente a diversas aplicaciones complejas.<br \/>\n*Tecnolog\u00eda de control de vectores de alto rendimiento.<br \/>\n*Admite modo de velocidad y modo par.<br \/>\n*Baja velocidad con alto par de salida.<br \/>\n*Rango de frecuencia de salida:<br \/>\nSVC: 0-320Hz &#8211; V\/F: 0-1000Hz.<br \/>\n*Tama\u00f1o compacto, f\u00e1cil de instalar.<br \/>\n*Recubrimientos de alta calidad para un mejor desempe\u00f1o de protecci\u00f3n.<br \/>\n*Protecci\u00f3n contra cortocircuitos en linea-tierra.<br \/>\n*Funci\u00f3n PID optimizada<br \/>\n*Comunicaci\u00f3n Modbus RTU.<\/p>\n<p><strong>Especificaciones<\/strong><\/p>\n<table border=\"1\" cellspacing=\"0\">\n<tbody>\n<tr class=\"firstRow\">\n<td rowspan=\"5\" valign=\"top\" width=\"104\">Caracter\u00edsticas de Control<\/td>\n<td valign=\"center\" nowrap=\"nowrap\" width=\"233\"><strong>Modo de Control<\/strong><\/td>\n<td valign=\"center\" nowrap=\"nowrap\" width=\"336\"><strong>Control V\/F; Control Vectorial sin sensores (SVC); Control de Torque<\/strong><\/td>\n<\/tr>\n<tr>\n<td valign=\"center\" nowrap=\"nowrap\" width=\"233\">Par de Arranque<\/td>\n<td valign=\"center\" nowrap=\"nowrap\" width=\"336\">G: 0.5Hz\/150 % (SVC); P: 0.5Hz\/100%<\/td>\n<\/tr>\n<tr>\n<td valign=\"center\" nowrap=\"nowrap\" width=\"233\">Rango de ajuste de velocidad<\/td>\n<td valign=\"center\" nowrap=\"nowrap\" width=\"336\">1:100 (SVC)<\/td>\n<\/tr>\n<tr>\n<td valign=\"center\" nowrap=\"nowrap\" width=\"233\">Precisi\u00f3n de retenci\u00f3n de velocidad<\/td>\n<td valign=\"center\" nowrap=\"nowrap\" width=\"336\">\u00b1 0.5 % (SVC)<\/td>\n<\/tr>\n<tr>\n<td valign=\"center\" nowrap=\"nowrap\" width=\"233\">Capacidad de Sobrecarga<\/td>\n<td valign=\"center\" width=\"336\">\u00a0Tipo G: 150 % de corriente nominal por 60s; 180 % de corriente nominal por 1s<br \/>\nTipo P: 120 % de corriente nominal por 60s; 150 % de corriente nominal por 1s<\/td>\n<\/tr>\n<tr>\n<td rowspan=\"6\" valign=\"top\" width=\"104\">Entrada \/ Salida<\/td>\n<td valign=\"center\" nowrap=\"nowrap\" width=\"233\">Tensi\u00f3n de Entrada<\/td>\n<td valign=\"center\" nowrap=\"nowrap\" width=\"336\">380V\/415V\/440V;fluctuation range:380V(-15%)~440V(+10%)<\/td>\n<\/tr>\n<tr>\n<td valign=\"center\" nowrap=\"nowrap\" width=\"233\">Frecuencia de Entrada<\/td>\n<td valign=\"center\" nowrap=\"nowrap\" width=\"336\">50\/60Hz, Margen de Fluctuaci\u00f3n: \u00b15%<\/td>\n<\/tr>\n<tr>\n<td valign=\"center\" nowrap=\"nowrap\" width=\"233\">Tensi\u00f3n de Salida<\/td>\n<td valign=\"center\" nowrap=\"nowrap\" width=\"336\">0-Tensi\u00f3n Nominal de Entrada<\/td>\n<\/tr>\n<tr>\n<td valign=\"center\" nowrap=\"nowrap\" width=\"233\">Frecuencia de Salida<\/td>\n<td valign=\"center\" nowrap=\"nowrap\" width=\"336\">SVC: 0~320Hz, V\/F: 0~1000Hz<\/td>\n<\/tr>\n<tr>\n<td valign=\"center\" nowrap=\"nowrap\" width=\"233\">Entrada Anal\u00f3gica<\/td>\n<td valign=\"center\" nowrap=\"nowrap\" width=\"336\">2 canales<\/td>\n<\/tr>\n<tr>\n<td valign=\"center\" nowrap=\"nowrap\" width=\"233\">Entrada Digital<\/td>\n<td valign=\"center\" nowrap=\"nowrap\" width=\"336\">6 canales<\/td>\n<\/tr>\n<tr>\n<td rowspan=\"5\" valign=\"top\" width=\"104\">Terminales de Entrada\/Salida<\/td>\n<td valign=\"center\" nowrap=\"nowrap\" width=\"233\">Salida Anal\u00f3gica<\/td>\n<td valign=\"center\" nowrap=\"nowrap\" width=\"336\">2 canales<\/td>\n<\/tr>\n<tr>\n<td valign=\"center\" nowrap=\"nowrap\" width=\"233\">Salida Digital<\/td>\n<td valign=\"center\" nowrap=\"nowrap\" width=\"336\">1 canal<\/td>\n<\/tr>\n<tr>\n<td valign=\"center\" nowrap=\"nowrap\" width=\"233\">Salida a Rel\u00e9<\/td>\n<td valign=\"center\" nowrap=\"nowrap\" width=\"336\">2 canales<\/td>\n<\/tr>\n<tr>\n<td valign=\"center\" nowrap=\"nowrap\" width=\"233\">Terminal de Comunicaci\u00f3n RS-485<\/td>\n<td valign=\"center\" nowrap=\"nowrap\" width=\"336\">1 canal<\/td>\n<\/tr>\n<tr>\n<td valign=\"center\" nowrap=\"nowrap\" width=\"233\">Fuente de Alimentaci\u00f3n<\/td>\n<td valign=\"center\" nowrap=\"nowrap\" width=\"336\">2 canales ( 1 canal 10V\/ 1 canal 24V)<\/td>\n<\/tr>\n<tr>\n<td rowspan=\"5\" valign=\"top\" width=\"104\">Entorno de Aplicaci\u00f3n<\/td>\n<td valign=\"center\" nowrap=\"nowrap\" width=\"233\">Altitud<\/td>\n<td valign=\"center\" width=\"336\">Menos de 1000 m, el servicio tiene una capacidad reducida por encima de 1000 m, reducci\u00f3n del 1% de la capacidad cada 100m de aumento de altura.<\/td>\n<\/tr>\n<tr>\n<td valign=\"center\" nowrap=\"nowrap\" width=\"233\">Temperatura<\/p>\n<p>Ambiente<\/td>\n<td valign=\"center\" nowrap=\"nowrap\" width=\"336\">-10\u00b0C ~ + 40\u00b0C (El servicio tiene una capacidad reducida para 40\u00b0C ~ 50\u00b0C)<\/td>\n<\/tr>\n<tr>\n<td valign=\"center\" nowrap=\"nowrap\" width=\"233\">Humedad<\/td>\n<td valign=\"center\" nowrap=\"nowrap\" width=\"336\">&lt;95%RH, Sin condensaci\u00f3n de agua<\/td>\n<\/tr>\n<tr>\n<td valign=\"center\" nowrap=\"nowrap\" width=\"233\">Vibraci\u00f3n<\/td>\n<td valign=\"center\" nowrap=\"nowrap\" width=\"336\">&lt; 5.9m\/s2 (0.6g)<\/td>\n<\/tr>\n<tr>\n<td valign=\"center\" nowrap=\"nowrap\" width=\"233\">Temperatura de Almacenamiento<\/td>\n<td valign=\"center\" nowrap=\"nowrap\" width=\"336\">-40\u00b0C~+ 60\u00b0C<\/td>\n<\/tr>\n<tr>\n<td rowspan=\"4\" valign=\"top\" width=\"104\">Carcasa<\/td>\n<td valign=\"center\" nowrap=\"nowrap\" width=\"233\">Material de Carcasa<\/td>\n<td valign=\"center\" nowrap=\"nowrap\" width=\"336\">ABS + PC<\/td>\n<\/tr>\n<tr>\n<td valign=\"center\" nowrap=\"nowrap\" width=\"233\">Tama\u00f1o total (mm)<\/td>\n<td valign=\"center\" nowrap=\"nowrap\" width=\"336\">187.00 (Altura)*88.00 (Ancho)*138.00 (Profundidad)<\/td>\n<\/tr>\n<tr>\n<td valign=\"center\" nowrap=\"nowrap\" width=\"233\">Peso (Kg)<\/td>\n<td valign=\"center\" nowrap=\"nowrap\" width=\"336\">1.4<\/td>\n<\/tr>\n<tr>\n<td valign=\"center\" nowrap=\"nowrap\" width=\"233\">Dimensiones de Empaque (mm)<\/td>\n<td valign=\"center\" nowrap=\"nowrap\" width=\"336\">238.00 (Altura)*145.00 (Ancho)*192.00 (Profundidad)<\/td>\n<\/tr>\n<\/tbody>\n<\/table>\n<p><img data-recalc-dims=\"1\" decoding=\"async\" src=\"https:\/\/i0.wp.com\/www.we-con.com.cn\/ueditor\/php\/upload\/image\/20210720\/1626750071560495.png?ssl=1\" alt=\"image.png\" \/><\/p>\n","protected":false},"excerpt":{"rendered":"<p>INVERSOR 0.75KW-2.2KW Modelo KW HP Corriente Nominal de Entrada(A) Corriente Nominal de Salida (A) Tensi\u00f3n de Entrada Tipo General \/ Tipo Ventilador \u00a0Integrado con funci\u00f3n de freno VB-2SR75GB 0.75 1 8.2 4.5 220V \/ Tres Fases Tipo General YES VB-2S1R5GB 1.5 2 14 7 220V \/ Tres Fases Tipo General YES VB-2S2R2GB 2.2 3 23 [&hellip;]<\/p>\n","protected":false},"featured_media":543,"template":"","meta":{"nf_dc_page":"","om_disable_all_campaigns":false,"_uf_show_specific_survey":0,"_uf_disable_surveys":false},"product_brand":[],"product_cat":[39],"product_tag":[],"class_list":{"0":"post-542","1":"product","2":"type-product","3":"status-publish","4":"has-post-thumbnail","6":"product_cat-variadores","8":"first","9":"instock","10":"shipping-taxable","11":"product-type-simple"},"aioseo_notices":[],"yoast_head":"<!-- This site is optimized with the Yoast SEO plugin v27.5 - https:\/\/yoast.com\/product\/yoast-seo-wordpress\/ -->\n<title>Variador de Frecuencia para motores de 3HP 380V - Industrializando al Pais<\/title>\n<meta name=\"robots\" content=\"index, follow, max-snippet:-1, max-image-preview:large, max-video-preview:-1\" \/>\n<link rel=\"canonical\" href=\"https:\/\/nurona.com.py\/web\/product\/variador-de-frecuencia-para-motores-de-3hp-380v\/\" \/>\n<meta property=\"og:locale\" content=\"es_ES\" \/>\n<meta property=\"og:type\" content=\"article\" \/>\n<meta property=\"og:title\" content=\"Variador de Frecuencia para motores de 3HP 380V - Industrializando al Pais\" \/>\n<meta property=\"og:description\" content=\"INVERSOR 0.75KW-2.2KW Modelo KW HP Corriente Nominal de Entrada(A) Corriente Nominal de Salida (A) Tensi\u00f3n de Entrada Tipo General \/ Tipo Ventilador \u00a0Integrado con funci\u00f3n de freno VB-2SR75GB 0.75 1 8.2 4.5 220V \/ Tres Fases Tipo General YES VB-2S1R5GB 1.5 2 14 7 220V \/ Tres Fases Tipo General YES VB-2S2R2GB 2.2 3 23 [&hellip;]\" \/>\n<meta property=\"og:url\" content=\"https:\/\/nurona.com.py\/web\/product\/variador-de-frecuencia-para-motores-de-3hp-380v\/\" \/>\n<meta property=\"og:site_name\" content=\"Industrializando al Pais\" \/>\n<meta property=\"article:modified_time\" content=\"2024-04-11T16:50:22+00:00\" \/>\n<meta property=\"og:image\" content=\"https:\/\/nurona.com.py\/web\/wp-content\/uploads\/2024\/04\/vfd.png\" \/>\n\t<meta property=\"og:image:width\" content=\"573\" \/>\n\t<meta property=\"og:image:height\" content=\"662\" \/>\n\t<meta property=\"og:image:type\" content=\"image\/png\" \/>\n<meta name=\"twitter:card\" content=\"summary_large_image\" \/>\n<meta name=\"twitter:label1\" content=\"Tiempo de lectura\" \/>\n\t<meta name=\"twitter:data1\" content=\"3 minutos\" \/>\n<script type=\"application\/ld+json\" class=\"yoast-schema-graph\">{\"@context\":\"https:\\\/\\\/schema.org\",\"@graph\":[{\"@type\":\"WebPage\",\"@id\":\"https:\\\/\\\/nurona.com.py\\\/web\\\/product\\\/variador-de-frecuencia-para-motores-de-3hp-380v\\\/\",\"url\":\"https:\\\/\\\/nurona.com.py\\\/web\\\/product\\\/variador-de-frecuencia-para-motores-de-3hp-380v\\\/\",\"name\":\"Variador de Frecuencia para motores de 3HP 380V - Industrializando al Pais\",\"isPartOf\":{\"@id\":\"https:\\\/\\\/nurona.com.py\\\/web\\\/#website\"},\"primaryImageOfPage\":{\"@id\":\"https:\\\/\\\/nurona.com.py\\\/web\\\/product\\\/variador-de-frecuencia-para-motores-de-3hp-380v\\\/#primaryimage\"},\"image\":{\"@id\":\"https:\\\/\\\/nurona.com.py\\\/web\\\/product\\\/variador-de-frecuencia-para-motores-de-3hp-380v\\\/#primaryimage\"},\"thumbnailUrl\":\"https:\\\/\\\/i0.wp.com\\\/nurona.com.py\\\/web\\\/wp-content\\\/uploads\\\/2024\\\/04\\\/vfd.png?fit=573%2C662&ssl=1\",\"datePublished\":\"2024-04-09T21:28:09+00:00\",\"dateModified\":\"2024-04-11T16:50:22+00:00\",\"breadcrumb\":{\"@id\":\"https:\\\/\\\/nurona.com.py\\\/web\\\/product\\\/variador-de-frecuencia-para-motores-de-3hp-380v\\\/#breadcrumb\"},\"inLanguage\":\"es\",\"potentialAction\":[{\"@type\":\"ReadAction\",\"target\":[\"https:\\\/\\\/nurona.com.py\\\/web\\\/product\\\/variador-de-frecuencia-para-motores-de-3hp-380v\\\/\"]}]},{\"@type\":\"ImageObject\",\"inLanguage\":\"es\",\"@id\":\"https:\\\/\\\/nurona.com.py\\\/web\\\/product\\\/variador-de-frecuencia-para-motores-de-3hp-380v\\\/#primaryimage\",\"url\":\"https:\\\/\\\/i0.wp.com\\\/nurona.com.py\\\/web\\\/wp-content\\\/uploads\\\/2024\\\/04\\\/vfd.png?fit=573%2C662&ssl=1\",\"contentUrl\":\"https:\\\/\\\/i0.wp.com\\\/nurona.com.py\\\/web\\\/wp-content\\\/uploads\\\/2024\\\/04\\\/vfd.png?fit=573%2C662&ssl=1\",\"width\":573,\"height\":662},{\"@type\":\"BreadcrumbList\",\"@id\":\"https:\\\/\\\/nurona.com.py\\\/web\\\/product\\\/variador-de-frecuencia-para-motores-de-3hp-380v\\\/#breadcrumb\",\"itemListElement\":[{\"@type\":\"ListItem\",\"position\":1,\"name\":\"Home\",\"item\":\"https:\\\/\\\/nurona.com.py\\\/web\\\/\"},{\"@type\":\"ListItem\",\"position\":2,\"name\":\"Cat\u00e1logo de Productos\",\"item\":\"https:\\\/\\\/nurona.com.py\\\/web\\\/shop\\\/\"},{\"@type\":\"ListItem\",\"position\":3,\"name\":\"Variador de Frecuencia para motores de 3HP 380V\"}]},{\"@type\":\"WebSite\",\"@id\":\"https:\\\/\\\/nurona.com.py\\\/web\\\/#website\",\"url\":\"https:\\\/\\\/nurona.com.py\\\/web\\\/\",\"name\":\"Industrializando al Pais\",\"description\":\"Industrializando al Pais\",\"publisher\":{\"@id\":\"https:\\\/\\\/nurona.com.py\\\/web\\\/#organization\"},\"potentialAction\":[{\"@type\":\"SearchAction\",\"target\":{\"@type\":\"EntryPoint\",\"urlTemplate\":\"https:\\\/\\\/nurona.com.py\\\/web\\\/?s={search_term_string}\"},\"query-input\":{\"@type\":\"PropertyValueSpecification\",\"valueRequired\":true,\"valueName\":\"search_term_string\"}}],\"inLanguage\":\"es\"},{\"@type\":\"Organization\",\"@id\":\"https:\\\/\\\/nurona.com.py\\\/web\\\/#organization\",\"name\":\"Industrializando al Pais\",\"url\":\"https:\\\/\\\/nurona.com.py\\\/web\\\/\",\"logo\":{\"@type\":\"ImageObject\",\"inLanguage\":\"es\",\"@id\":\"https:\\\/\\\/nurona.com.py\\\/web\\\/#\\\/schema\\\/logo\\\/image\\\/\",\"url\":\"https:\\\/\\\/i0.wp.com\\\/nurona.com.py\\\/web\\\/wp-content\\\/uploads\\\/2023\\\/03\\\/logoNuronaPng-3.png?fit=900%2C200&ssl=1\",\"contentUrl\":\"https:\\\/\\\/i0.wp.com\\\/nurona.com.py\\\/web\\\/wp-content\\\/uploads\\\/2023\\\/03\\\/logoNuronaPng-3.png?fit=900%2C200&ssl=1\",\"width\":900,\"height\":200,\"caption\":\"Industrializando al Pais\"},\"image\":{\"@id\":\"https:\\\/\\\/nurona.com.py\\\/web\\\/#\\\/schema\\\/logo\\\/image\\\/\"}}]}<\/script>\n<!-- \/ Yoast SEO plugin. -->","yoast_head_json":{"title":"Variador de Frecuencia para motores de 3HP 380V - Industrializando al Pais","robots":{"index":"index","follow":"follow","max-snippet":"max-snippet:-1","max-image-preview":"max-image-preview:large","max-video-preview":"max-video-preview:-1"},"canonical":"https:\/\/nurona.com.py\/web\/product\/variador-de-frecuencia-para-motores-de-3hp-380v\/","og_locale":"es_ES","og_type":"article","og_title":"Variador de Frecuencia para motores de 3HP 380V - Industrializando al Pais","og_description":"INVERSOR 0.75KW-2.2KW Modelo KW HP Corriente Nominal de Entrada(A) Corriente Nominal de Salida (A) Tensi\u00f3n de Entrada Tipo General \/ Tipo Ventilador \u00a0Integrado con funci\u00f3n de freno VB-2SR75GB 0.75 1 8.2 4.5 220V \/ Tres Fases Tipo General YES VB-2S1R5GB 1.5 2 14 7 220V \/ Tres Fases Tipo General YES VB-2S2R2GB 2.2 3 23 [&hellip;]","og_url":"https:\/\/nurona.com.py\/web\/product\/variador-de-frecuencia-para-motores-de-3hp-380v\/","og_site_name":"Industrializando al Pais","article_modified_time":"2024-04-11T16:50:22+00:00","og_image":[{"width":573,"height":662,"url":"https:\/\/nurona.com.py\/web\/wp-content\/uploads\/2024\/04\/vfd.png","type":"image\/png"}],"twitter_card":"summary_large_image","twitter_misc":{"Tiempo de lectura":"3 minutos"},"schema":{"@context":"https:\/\/schema.org","@graph":[{"@type":"WebPage","@id":"https:\/\/nurona.com.py\/web\/product\/variador-de-frecuencia-para-motores-de-3hp-380v\/","url":"https:\/\/nurona.com.py\/web\/product\/variador-de-frecuencia-para-motores-de-3hp-380v\/","name":"Variador de Frecuencia para motores de 3HP 380V - Industrializando al Pais","isPartOf":{"@id":"https:\/\/nurona.com.py\/web\/#website"},"primaryImageOfPage":{"@id":"https:\/\/nurona.com.py\/web\/product\/variador-de-frecuencia-para-motores-de-3hp-380v\/#primaryimage"},"image":{"@id":"https:\/\/nurona.com.py\/web\/product\/variador-de-frecuencia-para-motores-de-3hp-380v\/#primaryimage"},"thumbnailUrl":"https:\/\/i0.wp.com\/nurona.com.py\/web\/wp-content\/uploads\/2024\/04\/vfd.png?fit=573%2C662&ssl=1","datePublished":"2024-04-09T21:28:09+00:00","dateModified":"2024-04-11T16:50:22+00:00","breadcrumb":{"@id":"https:\/\/nurona.com.py\/web\/product\/variador-de-frecuencia-para-motores-de-3hp-380v\/#breadcrumb"},"inLanguage":"es","potentialAction":[{"@type":"ReadAction","target":["https:\/\/nurona.com.py\/web\/product\/variador-de-frecuencia-para-motores-de-3hp-380v\/"]}]},{"@type":"ImageObject","inLanguage":"es","@id":"https:\/\/nurona.com.py\/web\/product\/variador-de-frecuencia-para-motores-de-3hp-380v\/#primaryimage","url":"https:\/\/i0.wp.com\/nurona.com.py\/web\/wp-content\/uploads\/2024\/04\/vfd.png?fit=573%2C662&ssl=1","contentUrl":"https:\/\/i0.wp.com\/nurona.com.py\/web\/wp-content\/uploads\/2024\/04\/vfd.png?fit=573%2C662&ssl=1","width":573,"height":662},{"@type":"BreadcrumbList","@id":"https:\/\/nurona.com.py\/web\/product\/variador-de-frecuencia-para-motores-de-3hp-380v\/#breadcrumb","itemListElement":[{"@type":"ListItem","position":1,"name":"Home","item":"https:\/\/nurona.com.py\/web\/"},{"@type":"ListItem","position":2,"name":"Cat\u00e1logo de Productos","item":"https:\/\/nurona.com.py\/web\/shop\/"},{"@type":"ListItem","position":3,"name":"Variador de Frecuencia para motores de 3HP 380V"}]},{"@type":"WebSite","@id":"https:\/\/nurona.com.py\/web\/#website","url":"https:\/\/nurona.com.py\/web\/","name":"Industrializando al Pais","description":"Industrializando al Pais","publisher":{"@id":"https:\/\/nurona.com.py\/web\/#organization"},"potentialAction":[{"@type":"SearchAction","target":{"@type":"EntryPoint","urlTemplate":"https:\/\/nurona.com.py\/web\/?s={search_term_string}"},"query-input":{"@type":"PropertyValueSpecification","valueRequired":true,"valueName":"search_term_string"}}],"inLanguage":"es"},{"@type":"Organization","@id":"https:\/\/nurona.com.py\/web\/#organization","name":"Industrializando al Pais","url":"https:\/\/nurona.com.py\/web\/","logo":{"@type":"ImageObject","inLanguage":"es","@id":"https:\/\/nurona.com.py\/web\/#\/schema\/logo\/image\/","url":"https:\/\/i0.wp.com\/nurona.com.py\/web\/wp-content\/uploads\/2023\/03\/logoNuronaPng-3.png?fit=900%2C200&ssl=1","contentUrl":"https:\/\/i0.wp.com\/nurona.com.py\/web\/wp-content\/uploads\/2023\/03\/logoNuronaPng-3.png?fit=900%2C200&ssl=1","width":900,"height":200,"caption":"Industrializando al Pais"},"image":{"@id":"https:\/\/nurona.com.py\/web\/#\/schema\/logo\/image\/"}}]}},"jetpack_sharing_enabled":true,"_links":{"self":[{"href":"https:\/\/nurona.com.py\/web\/wp-json\/wp\/v2\/product\/542","targetHints":{"allow":["GET"]}}],"collection":[{"href":"https:\/\/nurona.com.py\/web\/wp-json\/wp\/v2\/product"}],"about":[{"href":"https:\/\/nurona.com.py\/web\/wp-json\/wp\/v2\/types\/product"}],"wp:featuredmedia":[{"embeddable":true,"href":"https:\/\/nurona.com.py\/web\/wp-json\/wp\/v2\/media\/543"}],"wp:attachment":[{"href":"https:\/\/nurona.com.py\/web\/wp-json\/wp\/v2\/media?parent=542"}],"wp:term":[{"taxonomy":"product_brand","embeddable":true,"href":"https:\/\/nurona.com.py\/web\/wp-json\/wp\/v2\/product_brand?post=542"},{"taxonomy":"product_cat","embeddable":true,"href":"https:\/\/nurona.com.py\/web\/wp-json\/wp\/v2\/product_cat?post=542"},{"taxonomy":"product_tag","embeddable":true,"href":"https:\/\/nurona.com.py\/web\/wp-json\/wp\/v2\/product_tag?post=542"}],"curies":[{"name":"wp","href":"https:\/\/api.w.org\/{rel}","templated":true}]}}